{"id":514,"date":"2025-05-19T18:56:58","date_gmt":"2025-05-19T18:56:58","guid":{"rendered":"https:\/\/puntacanahotdeals.com\/?page_id=514"},"modified":"2025-06-10T12:50:40","modified_gmt":"2025-06-10T12:50:40","slug":"hilfestellung","status":"publish","type":"page","link":"https:\/\/puntacanahotdeals.com\/de\/help-support\/","title":{"rendered":"Hilfe &amp; Unterst\u00fctzung"},"content":{"rendered":"<h1 class=\"wp-block-heading\">Hilfe &amp; Unterst\u00fctzung - PuntaCanaHotDeals.com<\/h1>\n\n\n\n<p>Zuletzt aktualisiert: Mai 17, 2025<br><br><\/p>\n\n\n\n<p>Wir von PuntaCanaHotDeals.com sind hier, um Ihnen zu helfen, das Beste aus Ihrem Aufenthalt in Punta Cana zu machen - egal, ob Sie ein Reisender, ein Gesch\u00e4ftsmann oder einfach nur ein Erforscher der M\u00f6glichkeiten in Punta Cana sind.<br><br>Im Folgenden finden Sie Antworten auf h\u00e4ufig gestellte Fragen und M\u00f6glichkeiten, Unterst\u00fctzung zu erhalten:<br><br><br><\/p>\n\n\n\n<h2 class=\"wp-block-heading\">1. F\u00fcr Reisende<\/h2>\n\n\n\n<p><br>- Suchen Sie nach Hotel-, Restaurant- oder Aktivit\u00e4tsempfehlungen? St\u00f6bern Sie in unseren neuesten Artikeln oder verwenden Sie die Suchleiste.<br>- Ben\u00f6tigen Sie Hilfe bei der Kontaktaufnahme mit einem aufgef\u00fchrten Unternehmen? Jeder Eintrag enth\u00e4lt Kontaktinformationen. Wenn diese fehlen, lassen Sie es uns wissen und wir helfen Ihnen weiter.<br>- Sie sind auf falsche oder veraltete Informationen gesto\u00dfen? Bitte melden Sie sie an: support@puntacanahotdeals.com<br><br><\/p>\n\n\n\n<h2 class=\"wp-block-heading\">2. F\u00fcr Unternehmenseigent\u00fcmer<\/h2>\n\n\n\n<p><br>- M\u00f6chten Sie Ihr Unternehmen kostenlos eintragen lassen? Besuchen Sie unsere Seite \"Ihr Unternehmen hinzuf\u00fcgen\" und f\u00fcllen Sie das Formular aus.<br>- M\u00f6chten Sie Ihren Eintrag f\u00f6rdern? Wir bieten Optionen zur Verbesserung der Sichtbarkeit. Kontaktieren Sie uns unter: partners@puntacanahotdeals.com<br>- M\u00f6chten Sie Ihren Eintrag aktualisieren oder entfernen? Senden Sie uns eine E-Mail mit dem Namen Ihres Unternehmens und den gew\u00fcnschten \u00c4nderungen.<br><br><\/p>\n\n\n\n<h2 class=\"wp-block-heading\">3. Technische Fragen<\/h2>\n\n\n\n<p><br>- Wenn die Website nicht richtig angezeigt wird oder Sie Probleme beim Zugriff auf bestimmte Funktionen haben, versuchen Sie, Ihren Browser-Cache zu leeren oder das Ger\u00e4t zu wechseln.<br>- Haben Sie immer noch Probleme? Kontakt: tech@puntacanahotdeals.com<br><br><\/p>\n\n\n\n<h2 class=\"wp-block-heading\">4. Reaktionszeiten<\/h2>\n\n\n\n<p><br>In der Regel beantworten wir E-Mails innerhalb von 24-48 Gesch\u00e4ftsstunden. Wenn Ihr Anliegen dringend ist, schreiben Sie bitte \"URGENT\" in die Betreffzeile.<br><br><\/p>\n\n\n\n<h2 class=\"wp-block-heading\">5. Kontaktkan\u00e4le<\/h2>\n\n\n\n<p><br>- Allgemeine Anfragen: support@puntacanahotdeals.com<br>- Gesch\u00e4ftspartnerschaften: partners@puntacanahotdeals.com<br>- Technische Unterst\u00fctzung: tech@puntacanahotdeals.com<br><br><\/p>\n\n\n\n<p>Wir sind hier, um Ihren Aufenthalt in Punta Cana reibungslos und angenehm zu gestalten. Danke, dass Sie Teil unserer Gemeinschaft sind!<\/p>","protected":false},"excerpt":{"rendered":"<p>Help &amp; Support \u2013 PuntaCanaHotDeals.com Last Updated: May 17, 2025 At PuntaCanaHotDeals.com, we\u2019re here to help you make the most of your experience \u2013 whether you&#8217;re a traveler, a business owner, or just exploring opportunities in Punta Cana. Below you&#8217;ll find answers to common questions and ways to get support: 1. For Travelers &#8211; Looking [&hellip;]<\/p>\n","protected":false},"author":1,"featured_media":0,"parent":0,"menu_order":0,"comment_status":"closed","ping_status":"closed","template":"","meta":{"_acf_changed":false,"footnotes":""},"class_list":["post-514","page","type-page","status-publish","hentry"],"acf":[],"aioseo_notices":[],"_links":{"self":[{"href":"https:\/\/puntacanahotdeals.com\/de\/wp-json\/wp\/v2\/pages\/514","targetHints":{"allow":["GET"]}}],"collection":[{"href":"https:\/\/puntacanahotdeals.com\/de\/wp-json\/wp\/v2\/pages"}],"about":[{"href":"https:\/\/puntacanahotdeals.com\/de\/wp-json\/wp\/v2\/types\/page"}],"author":[{"embeddable":true,"href":"https:\/\/puntacanahotdeals.com\/de\/wp-json\/wp\/v2\/users\/1"}],"replies":[{"embeddable":true,"href":"https:\/\/puntacanahotdeals.com\/de\/wp-json\/wp\/v2\/comments?post=514"}],"version-history":[{"count":1,"href":"https:\/\/puntacanahotdeals.com\/de\/wp-json\/wp\/v2\/pages\/514\/revisions"}],"predecessor-version":[{"id":2056,"href":"https:\/\/puntacanahotdeals.com\/de\/wp-json\/wp\/v2\/pages\/514\/revisions\/2056"}],"wp:attachment":[{"href":"https:\/\/puntacanahotdeals.com\/de\/wp-json\/wp\/v2\/media?parent=514"}],"curies":[{"name":"wp","href":"https:\/\/api.w.org\/{rel}","templated":true}]}}