{"id":516,"date":"2025-05-19T18:58:02","date_gmt":"2025-05-19T18:58:02","guid":{"rendered":"https:\/\/puntacanahotdeals.com\/?page_id=516"},"modified":"2025-06-09T18:44:11","modified_gmt":"2025-06-09T18:44:11","slug":"haftungsausschluss","status":"publish","type":"page","link":"https:\/\/puntacanahotdeals.com\/de\/disclaimer\/","title":{"rendered":"Haftungsausschluss"},"content":{"rendered":"<h1 class=\"wp-block-heading\">Haftungsausschluss - Auflistungen Dritter und Verantwortung<\/h1>\n\n\n\n<p>Zuletzt aktualisiert: Mai 17, 2025<\/p>\n\n\n\n<p>PuntaCanaHotDeals.com ist eine digitale Plattform, die es Drittunternehmen erm\u00f6glicht, ihre Dienstleistungen, Angebote und Investitionsm\u00f6glichkeiten zu Informations- und Werbezwecken aufzulisten.<br><br>Wir besitzen, betreiben oder verwalten keine der auf dieser Website aufgef\u00fchrten Unternehmen, Hotels, Restaurants, Touren oder Immobilienagenturen.<br><br>Durch die Nutzung dieser Website erkl\u00e4ren Sie sich damit einverstanden, dass:<br>- Jedes Unternehmen ist allein f\u00fcr die Richtigkeit, Rechtm\u00e4\u00dfigkeit und Zuverl\u00e4ssigkeit der von ihm bereitgestellten Informationen verantwortlich.<br>- PuntaCanaHotDeals.com \u00fcbernimmt keine Garantie f\u00fcr die Qualit\u00e4t, Verf\u00fcgbarkeit oder Sicherheit der beworbenen Produkte oder Dienstleistungen.<br>- Wir sind keine Partei bei Transaktionen oder Vereinbarungen zwischen Nutzern und aufgef\u00fchrten Unternehmen.<br>- Alle Beschwerden, Anspr\u00fcche oder Streitigkeiten m\u00fcssen direkt mit dem betreffenden Unternehmen gekl\u00e4rt werden.<br><br>Wir empfehlen unseren Nutzern, alle Informationen zu \u00fcberpr\u00fcfen, Bewertungen zu lesen und sich direkt mit den Unternehmen in Verbindung zu setzen, bevor sie einen Kauf oder eine Verpflichtung eingehen.<br><br>Die Nutzung dieser Website erfolgt auf eigene Gefahr. Wir \u00fcbernehmen keine Verantwortung oder Haftung f\u00fcr Sch\u00e4den, Verluste oder Streitigkeiten, die sich aus der Nutzung eines auf unserer Plattform aufgef\u00fchrten Dienstes ergeben.<br><br><\/p>","protected":false},"excerpt":{"rendered":"<p>Disclaimer \u2013 Third-Party Listings and Responsibility Last Updated: May 17, 2025 PuntaCanaHotDeals.com is a digital platform that allows third-party businesses to list their services, offers, and investment opportunities for informational and promotional purposes. We do not own, operate, or manage any of the businesses, hotels, restaurants, tours, or real estate agencies listed on this site. [&hellip;]<\/p>\n","protected":false},"author":1,"featured_media":0,"parent":0,"menu_order":0,"comment_status":"closed","ping_status":"closed","template":"","meta":{"_acf_changed":false,"footnotes":""},"class_list":["post-516","page","type-page","status-publish","hentry"],"acf":[],"aioseo_notices":[],"_links":{"self":[{"href":"https:\/\/puntacanahotdeals.com\/de\/wp-json\/wp\/v2\/pages\/516","targetHints":{"allow":["GET"]}}],"collection":[{"href":"https:\/\/puntacanahotdeals.com\/de\/wp-json\/wp\/v2\/pages"}],"about":[{"href":"https:\/\/puntacanahotdeals.com\/de\/wp-json\/wp\/v2\/types\/page"}],"author":[{"embeddable":true,"href":"https:\/\/puntacanahotdeals.com\/de\/wp-json\/wp\/v2\/users\/1"}],"replies":[{"embeddable":true,"href":"https:\/\/puntacanahotdeals.com\/de\/wp-json\/wp\/v2\/comments?post=516"}],"version-history":[{"count":1,"href":"https:\/\/puntacanahotdeals.com\/de\/wp-json\/wp\/v2\/pages\/516\/revisions"}],"predecessor-version":[{"id":2046,"href":"https:\/\/puntacanahotdeals.com\/de\/wp-json\/wp\/v2\/pages\/516\/revisions\/2046"}],"wp:attachment":[{"href":"https:\/\/puntacanahotdeals.com\/de\/wp-json\/wp\/v2\/media?parent=516"}],"curies":[{"name":"wp","href":"https:\/\/api.w.org\/{rel}","templated":true}]}}