{"id":518,"date":"2025-05-19T18:59:59","date_gmt":"2025-05-19T18:59:59","guid":{"rendered":"https:\/\/puntacanahotdeals.com\/?page_id=518"},"modified":"2025-06-09T18:33:13","modified_gmt":"2025-06-09T18:33:13","slug":"zuganglichkeitserklarung","status":"publish","type":"page","link":"https:\/\/puntacanahotdeals.com\/de\/accessibility-statement\/","title":{"rendered":"Erkl\u00e4rung zur Zug\u00e4nglichkeit"},"content":{"rendered":"<h1 class=\"wp-block-heading\">Zug\u00e4nglichkeitserkl\u00e4rung - PuntaCanaHotDeals.com<\/h1>\n\n\n\n<p>Zuletzt aktualisiert: Mai 17, 2025<br><br><\/p>\n\n\n\n<p>PuntaCanaHotDeals.com setzt sich daf\u00fcr ein, dass unsere Website f\u00fcr alle Benutzer, einschlie\u00dflich Personen mit Behinderungen, zug\u00e4nglich ist. Wir bem\u00fchen uns, die Anforderungen der Web Content Accessibility Guidelines (WCAG) 2.1 Level AA, wo immer m\u00f6glich, zu erf\u00fcllen oder zu \u00fcbertreffen.<br><br>Wir sind der Meinung, dass jeder Mensch unabh\u00e4ngig von seinen F\u00e4higkeiten den gleichen Zugang zu Informationen und Dienstleistungen haben sollte. Unser Ziel ist es, eine benutzerfreundliche Erfahrung zu bieten, die eine breite Palette von Technologien und Hilfsmitteln unterst\u00fctzt.<br><br><\/p>\n\n\n\n<h2 class=\"wp-block-heading\">Laufende Bem\u00fchungen um Zug\u00e4nglichkeit<\/h2>\n\n\n\n<p>Wir arbeiten kontinuierlich daran, die Zug\u00e4nglichkeit unserer Inhalte und Funktionen zu verbessern. Dazu geh\u00f6ren regelm\u00e4\u00dfige Tests, Nutzerfeedback und bei Bedarf die Zusammenarbeit mit Beratern f\u00fcr Barrierefreiheit.<br><br><\/p>\n\n\n\n<h2 class=\"wp-block-heading\">Bekannte Beschr\u00e4nkungen<\/h2>\n\n\n\n<p>Wir bem\u00fchen uns zwar um vollst\u00e4ndige Zug\u00e4nglichkeit, aber einige Inhalte von Drittanbietern, Plug-ins oder externe Links entsprechen dem m\u00f6glicherweise nicht vollst\u00e4ndig. Wir kontrollieren die Zug\u00e4nglichkeit dieser Elemente nicht, ermutigen die Anbieter aber, die besten Praktiken zu befolgen.<br><br><\/p>\n\n\n\n<h2 class=\"wp-block-heading\">Feedback &amp; Unterst\u00fctzung<\/h2>\n\n\n\n<p>Sollten Sie Schwierigkeiten beim Zugriff auf Inhalte oder bei der Nutzung eines Teils der Website haben, teilen Sie uns dies bitte mit. Wir nehmen Ihr Feedback ernst und werden uns bem\u00fchen, alle Probleme umgehend zu beheben.<br><br>Kontaktieren Sie uns unter:<br>E-Mail: support@puntacanahotdeals.com<br><br><\/p>\n\n\n\n<p>Wir sind Ihnen dankbar f\u00fcr Ihre Unterst\u00fctzung, da wir weiterhin daran arbeiten, allen Besuchern von PuntaCanaHotDeals.com ein inklusives und zug\u00e4ngliches Erlebnis zu bieten.<br><br><\/p>","protected":false},"excerpt":{"rendered":"<p>Accessibility Statement \u2013 PuntaCanaHotDeals.com Last Updated: May 17, 2025 PuntaCanaHotDeals.com is committed to making our website accessible to all users, including individuals with disabilities. We strive to meet or exceed the requirements of the Web Content Accessibility Guidelines (WCAG) 2.1 Level AA wherever possible. We believe that everyone should have equal access to information and [&hellip;]<\/p>\n","protected":false},"author":1,"featured_media":0,"parent":0,"menu_order":0,"comment_status":"closed","ping_status":"closed","template":"","meta":{"_acf_changed":false,"footnotes":""},"class_list":["post-518","page","type-page","status-publish","hentry"],"acf":[],"aioseo_notices":[],"_links":{"self":[{"href":"https:\/\/puntacanahotdeals.com\/de\/wp-json\/wp\/v2\/pages\/518","targetHints":{"allow":["GET"]}}],"collection":[{"href":"https:\/\/puntacanahotdeals.com\/de\/wp-json\/wp\/v2\/pages"}],"about":[{"href":"https:\/\/puntacanahotdeals.com\/de\/wp-json\/wp\/v2\/types\/page"}],"author":[{"embeddable":true,"href":"https:\/\/puntacanahotdeals.com\/de\/wp-json\/wp\/v2\/users\/1"}],"replies":[{"embeddable":true,"href":"https:\/\/puntacanahotdeals.com\/de\/wp-json\/wp\/v2\/comments?post=518"}],"version-history":[{"count":2,"href":"https:\/\/puntacanahotdeals.com\/de\/wp-json\/wp\/v2\/pages\/518\/revisions"}],"predecessor-version":[{"id":4111,"href":"https:\/\/puntacanahotdeals.com\/de\/wp-json\/wp\/v2\/pages\/518\/revisions\/4111"}],"wp:attachment":[{"href":"https:\/\/puntacanahotdeals.com\/de\/wp-json\/wp\/v2\/media?parent=518"}],"curies":[{"name":"wp","href":"https:\/\/api.w.org\/{rel}","templated":true}]}}