{"id":520,"date":"2025-05-19T19:01:46","date_gmt":"2025-05-19T19:01:46","guid":{"rendered":"https:\/\/puntacanahotdeals.com\/?page_id=520"},"modified":"2025-06-09T18:08:42","modified_gmt":"2025-06-09T18:08:42","slug":"uber-uns","status":"publish","type":"page","link":"https:\/\/puntacanahotdeals.com\/de\/about-us\/","title":{"rendered":"\u00dcber uns"},"content":{"rendered":"<div data-elementor-type=\"wp-page\" data-elementor-id=\"520\" class=\"elementor elementor-520\">\n\t\t\t\t<div class=\"elementor-element elementor-element-e30e13b e-flex e-con-boxed e-con e-parent\" data-id=\"e30e13b\" data-element_type=\"container\" data-e-type=\"container\">\n\t\t\t\t\t<div class=\"e-con-inner\">\n\t\t<div class=\"elementor-element elementor-element-2eb78c2 e-con-full e-flex e-con e-child\" data-id=\"2eb78c2\" data-element_type=\"container\" data-e-type=\"container\">\n\t\t\t\t<div class=\"elementor-element elementor-element-cdd8d67 elementor-widget elementor-widget-heading\" data-id=\"cdd8d67\" data-element_type=\"widget\" data-e-type=\"widget\" data-widget_type=\"heading.default\">\n\t\t\t\t<div class=\"elementor-widget-container\">\n\t\t\t\t\t<h3 class=\"elementor-heading-title elementor-size-default\">\u00dcber uns<\/h3>\t\t\t\t<\/div>\n\t\t\t\t<\/div>\n\t\t\t\t<div class=\"elementor-element elementor-element-d235646 elementor-widget elementor-widget-text-editor\" data-id=\"d235646\" data-element_type=\"widget\" data-e-type=\"widget\" data-widget_type=\"text-editor.default\">\n\t\t\t\t<div class=\"elementor-widget-container\">\n\t\t\t\t\t\t\t\t\t<p>Willkommen bei PuntaCanaHotDeals.com - Ihrem Insider-F\u00fchrer zu den besten Erlebnissen, Angeboten und M\u00f6glichkeiten in Punta Cana.<br \/><br \/>Wir haben diese Plattform mit einer klaren Mission geschaffen: Wir wollen es Reisenden und zuk\u00fcnftigen Investoren leicht machen, das wahre Punta Cana zu entdecken - jenseits der Hochglanzbrosch\u00fcren. Von versteckten Restaurants und lokalen Abenteuern bis hin zu All-inclusive-Resorts und Immobilienjuwelen - unser Ziel ist es, alles unter einem Dach zu vereinen.<br \/><br \/>Im Gegensatz zu herk\u00f6mmlichen Buchungsseiten verlangen wir von den Unternehmen keine Geb\u00fchren f\u00fcr die Aufnahme in unsere Plattform. Jedes Hotel, jede Tour und jedes Restaurant kann kostenlos gelistet werden. Stattdessen bieten wir Premium-Sichtbarkeitsoptionen f\u00fcr diejenigen, die sich abheben m\u00f6chten.<br \/><br \/>Unsere langfristige Vision ist es, die umfassendste Online-Drehscheibe f\u00fcr Punta Cana aufzubauen, die nicht nur bei Touristen, sondern auch bei globalen Marken und Investoren internationale Aufmerksamkeit erregt. Wir m\u00f6chten, dass diese Website der Ort ist, an dem Sie Ihre Reise planen, sich in das Reiseziel verlieben und vielleicht sogar Ihr zuk\u00fcnftiges Zuhause finden.<br \/><br \/>Egal, ob Sie ein lokales Unternehmen, ein wiederkehrender Reisender oder ein erstmaliger Besucher sind, wir laden Sie ein, Teil dieser wachsenden Gemeinschaft zu werden.<br \/><br \/>Willkommen bei Punta Cana Hot Deals - entdecken Sie mehr als nur einen Urlaub.<\/p>\t\t\t\t\t\t\t\t<\/div>\n\t\t\t\t<\/div>\n\t\t\t\t<div class=\"elementor-element elementor-element-589f448 elementor-mobile-align-center elementor-align-center elementor-invisible elementor-widget elementor-widget-button\" data-id=\"589f448\" data-element_type=\"widget\" data-e-type=\"widget\" data-settings=\"{&quot;_animation&quot;:&quot;fadeInDown&quot;}\" data-widget_type=\"button.default\">\n\t\t\t\t<div class=\"elementor-widget-container\">\n\t\t\t\t\t\t\t\t\t<div class=\"elementor-button-wrapper\">\n\t\t\t\t\t<a class=\"elementor-button elementor-button-link elementor-size-sm\" href=\"https:\/\/puntacanahotdeals.com\/de\/contact\/\">\n\t\t\t\t\t\t<span class=\"elementor-button-content-wrapper\">\n\t\t\t\t\t\t\t\t\t<span class=\"elementor-button-text\">Kontakt<\/span>\n\t\t\t\t\t<\/span>\n\t\t\t\t\t<\/a>\n\t\t\t\t<\/div>\n\t\t\t\t\t\t\t\t<\/div>\n\t\t\t\t<\/div>\n\t\t\t\t<\/div>\n\t\t\t\t\t<\/div>\n\t\t\t\t<\/div>\n\t\t\t\t<\/div>","protected":false},"excerpt":{"rendered":"<p>About Us Welcome to PuntaCanaHotDeals.com \u2013 your insider guide to the best experiences, deals, and opportunities in Punta Cana. We created this platform with one clear mission: to make it easy for travelers and future investors to discover the real Punta Cana \u2013 beyond the glossy brochures. From hidden restaurants and local adventures to all-inclusive [&hellip;]<\/p>\n","protected":false},"author":1,"featured_media":0,"parent":0,"menu_order":0,"comment_status":"closed","ping_status":"closed","template":"","meta":{"_acf_changed":false,"footnotes":""},"class_list":["post-520","page","type-page","status-publish","hentry"],"acf":[],"aioseo_notices":[],"_links":{"self":[{"href":"https:\/\/puntacanahotdeals.com\/de\/wp-json\/wp\/v2\/pages\/520","targetHints":{"allow":["GET"]}}],"collection":[{"href":"https:\/\/puntacanahotdeals.com\/de\/wp-json\/wp\/v2\/pages"}],"about":[{"href":"https:\/\/puntacanahotdeals.com\/de\/wp-json\/wp\/v2\/types\/page"}],"author":[{"embeddable":true,"href":"https:\/\/puntacanahotdeals.com\/de\/wp-json\/wp\/v2\/users\/1"}],"replies":[{"embeddable":true,"href":"https:\/\/puntacanahotdeals.com\/de\/wp-json\/wp\/v2\/comments?post=520"}],"version-history":[{"count":1,"href":"https:\/\/puntacanahotdeals.com\/de\/wp-json\/wp\/v2\/pages\/520\/revisions"}],"predecessor-version":[{"id":2028,"href":"https:\/\/puntacanahotdeals.com\/de\/wp-json\/wp\/v2\/pages\/520\/revisions\/2028"}],"wp:attachment":[{"href":"https:\/\/puntacanahotdeals.com\/de\/wp-json\/wp\/v2\/media?parent=520"}],"curies":[{"name":"wp","href":"https:\/\/api.w.org\/{rel}","templated":true}]}}