{"id":731,"date":"2025-05-22T01:28:56","date_gmt":"2025-05-22T01:28:56","guid":{"rendered":"https:\/\/puntacanahotdeals.com\/?page_id=731"},"modified":"2025-08-08T21:39:00","modified_gmt":"2025-08-08T21:39:00","slug":"partner","status":"publish","type":"page","link":"https:\/\/puntacanahotdeals.com\/de\/partner\/","title":{"rendered":"Verk\u00e4ufer"},"content":{"rendered":"<div data-elementor-type=\"wp-page\" data-elementor-id=\"731\" class=\"elementor elementor-731\">\n\t\t\t\t<div class=\"elementor-element elementor-element-f9f1bee e-flex e-con-boxed e-con e-parent\" data-id=\"f9f1bee\" data-element_type=\"container\" data-e-type=\"container\">\n\t\t\t\t\t<div class=\"e-con-inner\">\n\t\t<div class=\"elementor-element elementor-element-e861f1a e-con-full e-flex e-con e-child\" data-id=\"e861f1a\" data-element_type=\"container\" data-e-type=\"container\">\n\t\t\t\t<div class=\"elementor-element elementor-element-372d89c elementor-widget elementor-widget-listeo-headline\" data-id=\"372d89c\" data-element_type=\"widget\" data-e-type=\"widget\" data-widget_type=\"listeo-headline.default\">\n\t\t\t\t<div class=\"elementor-widget-container\">\n\t\t\t\t\t\t\t<h1 \n\t\tstyle=\"text-align:center;\" class=\"headline  headline-aligned-to-center headline-extra-spacing headline-box\"> Preispl\u00e4ne  <\/h1>\n\t\t\t\t\t\t<\/div>\n\t\t\t\t<\/div>\n\t\t\t\t<\/div>\n\t\t\t\t\t<\/div>\n\t\t\t\t<\/div>\n\t\t<div class=\"elementor-element elementor-element-6692cd1 e-flex e-con-boxed e-con e-parent\" data-id=\"6692cd1\" data-element_type=\"container\" data-e-type=\"container\">\n\t\t\t\t\t<div class=\"e-con-inner\">\n\t\t\t\t<div class=\"elementor-element elementor-element-7c027da elementor-widget elementor-widget-text-editor\" data-id=\"7c027da\" data-element_type=\"widget\" data-e-type=\"widget\" data-widget_type=\"text-editor.default\">\n\t\t\t\t<div class=\"elementor-widget-container\">\n\t\t\t\t\t\t\t\t\t<h1><strong>Je mehr Sie investieren, desto mehr Sichtbarkeit und Vertrauen schaffen Sie.<br \/><br \/><\/strong><\/h1><h4><strong>Mehr als 4 Millionen Touristen besuchen jedes Jahr Punta Cana, und mehr als 80% suchen in letzter Minute noch nach einem Angebot.<\/strong><\/h4><h4><strong>Kostenpflichtige Angebote bedeuten bessere Platzierung, mehr Bilder und mehr Chancen, gebucht zu werden.<\/strong><\/h4><h4><strong>Das ist der Moment, in dem Sie vor aller Augen gl\u00e4nzen k\u00f6nnen.<\/strong><\/h4><h1><strong>Bleiben Sie nicht zur\u00fcck, w\u00e4hlen Sie einen h\u00f6heren Plan und wachsen Sie schneller.<br \/><\/strong> <br \/><strong>Jetzt mitmachen!<\/strong><\/h1>\t\t\t\t\t\t\t\t<\/div>\n\t\t\t\t<\/div>\n\t\t\t\t\t<\/div>\n\t\t\t\t<\/div>\n\t\t<div class=\"elementor-element elementor-element-e97057c e-flex e-con-boxed e-con e-parent\" data-id=\"e97057c\" data-element_type=\"container\" data-e-type=\"container\">\n\t\t\t\t\t<div class=\"e-con-inner\">\n\t\t<div class=\"elementor-element elementor-element-988f8cd e-con-full e-flex e-con e-child\" data-id=\"988f8cd\" data-element_type=\"container\" data-e-type=\"container\">\n\t\t\t\t<div class=\"elementor-element elementor-element-c44259c elementor-widget elementor-widget-listeo-pricingtable-woocommerce\" data-id=\"c44259c\" data-element_type=\"widget\" data-e-type=\"widget\" data-widget_type=\"listeo-pricingtable-woocommerce.default\">\n\t\t\t\t<div class=\"elementor-widget-container\">\n\t\t\t\t\t\n\t\t<div class=\"new-pricing-packages-container margin-top-30\">\n\n\t\t\t\t\t\t\t<div class=\"pricing-package  best-value-plan\">\n\t\t\t\t\t<div class=\"pricing-package-header\">\n\t\t\t\t\t\t<h4>Erweitert<\/h4>\n\t\t\t\t\t\t<span>Best Value<\/span> \t\t\t\t\t<\/div>\n\t\t\t\t\t<div class=\"pricing-package-text\">Monatlicher Preis<\/div>\n\t\t\t\t\t<div class=\"pricing-package-price\">\n\t\t\t\t\t\t<strong><span class=\"woocommerce-Price-amount amount\"><bdi><span class=\"woocommerce-Price-currencySymbol\">&#36;<\/span>9.99<\/bdi><\/span><\/strong>\n\t\t\t\t\t<\/div>\n\t\t\t\t\t<div class=\"pricing-package-details\">\n\t\t\t\t\t\t\t\t\t\t\t\t\t<h6>Extended features:<\/h6>\n\t\t\t\t\t\t\t\t\t\t\t\t<ul class=\"plan-features-auto-wc\">\n\t\t\t\t\t\t\t<li>\n\t\t\t\t\t\t\t\t<svg xmlns=\"http:\/\/www.w3.org\/2000\/svg\" width=\"42\" height=\"42\" viewbox=\"0 0 42 42\">\n\t\t\t\t\t\t\t\t\t<g id=\"Group_33\" data-name=\"Group 33\" transform=\"translate(-1122 -2972.25)\">\n\t\t\t\t\t\t\t\t\t\t<circle id=\"Ellipse_4\" data-name=\"Ellipse 4\" cx=\"21\" cy=\"21\" r=\"21\" transform=\"translate(1122 2972.25)\" fill=\"rgba(248,0,68,0.11)\" \/>\n\t\t\t\t\t\t\t\t\t\t<path id=\"Vector\" d=\"M6,12.655l4.9,4.9,9.795-9.8\" transform=\"translate(1129.5 2979.993)\" fill=\"none\" stroke=\"#f80044\" stroke-linecap=\"round\" stroke-linejoin=\"round\" stroke-width=\"3\" \/>\n\t\t\t\t\t\t\t\t\t<\/g>\n\t\t\t\t\t\t\t\t<\/svg>\n\n\t\t\t\t\t\t\t\t\n\t\t\t\t\t\t\t\t\tThis plan includes 1 listing \n\t\t\t\t\t\t\t\t\t\t\t\t\t\t\t<\/li>\n\t\t\t\t\t\t\t<li>\n\t\t\t\t\t\t\t\t<svg xmlns=\"http:\/\/www.w3.org\/2000\/svg\" width=\"42\" height=\"42\" viewbox=\"0 0 42 42\">\n\t\t\t\t\t\t\t\t\t<g id=\"Group_33\" data-name=\"Group 33\" transform=\"translate(-1122 -2972.25)\">\n\t\t\t\t\t\t\t\t\t\t<circle id=\"Ellipse_4\" data-name=\"Ellipse 4\" cx=\"21\" cy=\"21\" r=\"21\" transform=\"translate(1122 2972.25)\" fill=\"rgba(248,0,68,0.11)\" \/>\n\t\t\t\t\t\t\t\t\t\t<path id=\"Vector\" d=\"M6,12.655l4.9,4.9,9.795-9.8\" transform=\"translate(1129.5 2979.993)\" fill=\"none\" stroke=\"#f80044\" stroke-linecap=\"round\" stroke-linejoin=\"round\" stroke-width=\"3\" \/>\n\t\t\t\t\t\t\t\t\t<\/g>\n\t\t\t\t\t\t\t\t<\/svg>\n\n\t\t\t\t\t\t\t\tListings are visible for 30 days\t\t\t\t\t\t\t<\/li>\n\t\t\t\t\t\t<\/ul>\n\t\t\t\t\t\t<ul>\n\n\n\t\t\t\t\t\t\t\t\t\t\t\t\t\t\t\t\t\t\t\t\t\t\t\t<li class=\"custom_listing_field\"><svg xmlns=\"http:\/\/www.w3.org\/2000\/svg\" width=\"42\" height=\"42\" viewbox=\"0 0 42 42\">\n\t\t\t\t\t\t\t\t\t\t\t\t<g id=\"Group_33\" data-name=\"Group 33\" transform=\"translate(-1122 -2972.25)\">\n\t\t\t\t\t\t\t\t\t\t\t\t\t<circle id=\"Ellipse_4\" data-name=\"Ellipse 4\" cx=\"21\" cy=\"21\" r=\"21\" transform=\"translate(1122 2972.25)\" fill=\"rgba(248,0,68,0.11)\" \/>\n\t\t\t\t\t\t\t\t\t\t\t\t\t<path id=\"Vector\" d=\"M6,12.655l4.9,4.9,9.795-9.8\" transform=\"translate(1129.5 2979.993)\" fill=\"none\" stroke=\"#f80044\" stroke-linecap=\"round\" stroke-linejoin=\"round\" stroke-width=\"3\" \/>\n\t\t\t\t\t\t\t\t\t\t\t\t<\/g>\n\t\t\t\t\t\t\t\t\t\t\t<\/svg>\n\t\t\t\t\t\t\t\t\t\t\tGalerie (2 Bilder)\t\t\t\t\t\t\t\t\t\t<\/li>\n\n\t\t\t\t\t\t\t\t\t\t\t\t\t\t\t\t\t<li class=\"custom_listing_field\"><svg xmlns=\"http:\/\/www.w3.org\/2000\/svg\" width=\"42\" height=\"42\" viewbox=\"0 0 42 42\">\n\t\t\t\t\t\t\t\t\t\t\t\t<g id=\"Group_33\" data-name=\"Group 33\" transform=\"translate(-1122 -2972.25)\">\n\t\t\t\t\t\t\t\t\t\t\t\t\t<circle id=\"Ellipse_4\" data-name=\"Ellipse 4\" cx=\"21\" cy=\"21\" r=\"21\" transform=\"translate(1122 2972.25)\" fill=\"rgba(248,0,68,0.11)\" \/>\n\t\t\t\t\t\t\t\t\t\t\t\t\t<path id=\"Vector\" d=\"M6,12.655l4.9,4.9,9.795-9.8\" transform=\"translate(1129.5 2979.993)\" fill=\"none\" stroke=\"#f80044\" stroke-linecap=\"round\" stroke-linejoin=\"round\" stroke-width=\"3\" \/>\n\t\t\t\t\t\t\t\t\t\t\t\t<\/g>\n\t\t\t\t\t\t\t\t\t\t\t<\/svg>\n\t\t\t\t\t\t\t\t\t\t\tDie \u00d6ffnungszeiten\t\t\t\t\t\t\t\t\t\t<\/li>\n\n\t\t\t\t\t\t\t\t\t\t\t\t\t\t\t\t\t<li class=\"custom_listing_field\"><svg xmlns=\"http:\/\/www.w3.org\/2000\/svg\" width=\"42\" height=\"42\" viewbox=\"0 0 42 42\">\n\t\t\t\t\t\t\t\t\t\t\t\t<g id=\"Group_33\" data-name=\"Group 33\" transform=\"translate(-1122 -2972.25)\">\n\t\t\t\t\t\t\t\t\t\t\t\t\t<circle id=\"Ellipse_4\" data-name=\"Ellipse 4\" cx=\"21\" cy=\"21\" r=\"21\" transform=\"translate(1122 2972.25)\" fill=\"rgba(248,0,68,0.11)\" \/>\n\t\t\t\t\t\t\t\t\t\t\t\t\t<path id=\"Vector\" d=\"M6,12.655l4.9,4.9,9.795-9.8\" transform=\"translate(1129.5 2979.993)\" fill=\"none\" stroke=\"#f80044\" stroke-linecap=\"round\" stroke-linejoin=\"round\" stroke-width=\"3\" \/>\n\t\t\t\t\t\t\t\t\t\t\t\t<\/g>\n\t\t\t\t\t\t\t\t\t\t\t<\/svg>\n\t\t\t\t\t\t\t\t\t\t\tSoziale Links\t\t\t\t\t\t\t\t\t\t<\/li>\n\n\t\t\t\t\t\t\t\t\t\t\t\t\t<\/ul>\n\t\t\t\t\t\t<strong>Plan Extended enth\u00e4lt: Nombre del negocio, Logo, Direcci\u00f2n y tel\u00e8fono, 2 fotos, Horarios y redes sociales<\/strong>\t\t\t\t\t<\/div>\n\t\t\t\t\t<div class=\"pricing-package-select\">\n\t\t\t\t\t\t<a class=\"button\" href=\"https:\/\/puntacanahotdeals.com\/de\/pay-now\/\" target=\"_blank\" rel=\"nofollow\"><i class=\"fa fa-shopping-cart\"><\/i>Pay Now<\/a>\t\t\t\t\t<\/div>\n\t\t\t\t<\/div>\n\t\t\t\t\t\t\t\t\t<div class=\"pricing-package\">\n\t\t\t\t\t<div class=\"pricing-package-header\">\n\t\t\t\t\t\t<h4>Pr\u00e4mie<\/h4>\n\t\t\t\t\t\t\t\t\t\t\t<\/div>\n\t\t\t\t\t<div class=\"pricing-package-text\">Monatlicher Preis<\/div>\n\t\t\t\t\t<div class=\"pricing-package-price\">\n\t\t\t\t\t\t<strong><span class=\"woocommerce-Price-amount amount\"><bdi><span class=\"woocommerce-Price-currencySymbol\">&#36;<\/span>39.99<\/bdi><\/span><\/strong>\n\t\t\t\t\t<\/div>\n\t\t\t\t\t<div class=\"pricing-package-details\">\n\t\t\t\t\t\t\t\t\t\t\t\t\t<h6>Premium features:<\/h6>\n\t\t\t\t\t\t\t\t\t\t\t\t<ul class=\"plan-features-auto-wc\">\n\t\t\t\t\t\t\t<li>\n\t\t\t\t\t\t\t\t<svg xmlns=\"http:\/\/www.w3.org\/2000\/svg\" width=\"42\" height=\"42\" viewbox=\"0 0 42 42\">\n\t\t\t\t\t\t\t\t\t<g id=\"Group_33\" data-name=\"Group 33\" transform=\"translate(-1122 -2972.25)\">\n\t\t\t\t\t\t\t\t\t\t<circle id=\"Ellipse_4\" data-name=\"Ellipse 4\" cx=\"21\" cy=\"21\" r=\"21\" transform=\"translate(1122 2972.25)\" fill=\"rgba(248,0,68,0.11)\" \/>\n\t\t\t\t\t\t\t\t\t\t<path id=\"Vector\" d=\"M6,12.655l4.9,4.9,9.795-9.8\" transform=\"translate(1129.5 2979.993)\" fill=\"none\" stroke=\"#f80044\" stroke-linecap=\"round\" stroke-linejoin=\"round\" stroke-width=\"3\" \/>\n\t\t\t\t\t\t\t\t\t<\/g>\n\t\t\t\t\t\t\t\t<\/svg>\n\n\t\t\t\t\t\t\t\t\n\t\t\t\t\t\t\t\t\tThis plan includes 1 listing \n\t\t\t\t\t\t\t\t\t\t\t\t\t\t\t<\/li>\n\t\t\t\t\t\t\t<li>\n\t\t\t\t\t\t\t\t<svg xmlns=\"http:\/\/www.w3.org\/2000\/svg\" width=\"42\" height=\"42\" viewbox=\"0 0 42 42\">\n\t\t\t\t\t\t\t\t\t<g id=\"Group_33\" data-name=\"Group 33\" transform=\"translate(-1122 -2972.25)\">\n\t\t\t\t\t\t\t\t\t\t<circle id=\"Ellipse_4\" data-name=\"Ellipse 4\" cx=\"21\" cy=\"21\" r=\"21\" transform=\"translate(1122 2972.25)\" fill=\"rgba(248,0,68,0.11)\" \/>\n\t\t\t\t\t\t\t\t\t\t<path id=\"Vector\" d=\"M6,12.655l4.9,4.9,9.795-9.8\" transform=\"translate(1129.5 2979.993)\" fill=\"none\" stroke=\"#f80044\" stroke-linecap=\"round\" stroke-linejoin=\"round\" stroke-width=\"3\" \/>\n\t\t\t\t\t\t\t\t\t<\/g>\n\t\t\t\t\t\t\t\t<\/svg>\n\n\t\t\t\t\t\t\t\tListings are visible for 30 days\t\t\t\t\t\t\t<\/li>\n\t\t\t\t\t\t<\/ul>\n\t\t\t\t\t\t<ul>\n\n\n\t\t\t\t\t\t\t\t\t\t\t\t\t\t\t\t\t\t\t\t\t\t\t\t<li class=\"custom_listing_field\"><svg xmlns=\"http:\/\/www.w3.org\/2000\/svg\" width=\"42\" height=\"42\" viewbox=\"0 0 42 42\">\n\t\t\t\t\t\t\t\t\t\t\t\t<g id=\"Group_33\" data-name=\"Group 33\" transform=\"translate(-1122 -2972.25)\">\n\t\t\t\t\t\t\t\t\t\t\t\t\t<circle id=\"Ellipse_4\" data-name=\"Ellipse 4\" cx=\"21\" cy=\"21\" r=\"21\" transform=\"translate(1122 2972.25)\" fill=\"rgba(248,0,68,0.11)\" \/>\n\t\t\t\t\t\t\t\t\t\t\t\t\t<path id=\"Vector\" d=\"M6,12.655l4.9,4.9,9.795-9.8\" transform=\"translate(1129.5 2979.993)\" fill=\"none\" stroke=\"#f80044\" stroke-linecap=\"round\" stroke-linejoin=\"round\" stroke-width=\"3\" \/>\n\t\t\t\t\t\t\t\t\t\t\t\t<\/g>\n\t\t\t\t\t\t\t\t\t\t\t<\/svg>\n\t\t\t\t\t\t\t\t\t\t\tRotierende Spitze der Liste!\t\t\t\t\t\t\t\t\t\t<\/li>\n\n\t\t\t\t\t\t\t\t\t\t\t\t\t\t\t\t\t<li class=\"custom_listing_field\"><svg xmlns=\"http:\/\/www.w3.org\/2000\/svg\" width=\"42\" height=\"42\" viewbox=\"0 0 42 42\">\n\t\t\t\t\t\t\t\t\t\t\t\t<g id=\"Group_33\" data-name=\"Group 33\" transform=\"translate(-1122 -2972.25)\">\n\t\t\t\t\t\t\t\t\t\t\t\t\t<circle id=\"Ellipse_4\" data-name=\"Ellipse 4\" cx=\"21\" cy=\"21\" r=\"21\" transform=\"translate(1122 2972.25)\" fill=\"rgba(248,0,68,0.11)\" \/>\n\t\t\t\t\t\t\t\t\t\t\t\t\t<path id=\"Vector\" d=\"M6,12.655l4.9,4.9,9.795-9.8\" transform=\"translate(1129.5 2979.993)\" fill=\"none\" stroke=\"#f80044\" stroke-linecap=\"round\" stroke-linejoin=\"round\" stroke-width=\"3\" \/>\n\t\t\t\t\t\t\t\t\t\t\t\t<\/g>\n\t\t\t\t\t\t\t\t\t\t\t<\/svg>\n\t\t\t\t\t\t\t\t\t\t\tGalerie (4 Bilder)\t\t\t\t\t\t\t\t\t\t<\/li>\n\n\t\t\t\t\t\t\t\t\t\t\t\t\t\t\t\t\t<li class=\"custom_listing_field\"><svg xmlns=\"http:\/\/www.w3.org\/2000\/svg\" width=\"42\" height=\"42\" viewbox=\"0 0 42 42\">\n\t\t\t\t\t\t\t\t\t\t\t\t<g id=\"Group_33\" data-name=\"Group 33\" transform=\"translate(-1122 -2972.25)\">\n\t\t\t\t\t\t\t\t\t\t\t\t\t<circle id=\"Ellipse_4\" data-name=\"Ellipse 4\" cx=\"21\" cy=\"21\" r=\"21\" transform=\"translate(1122 2972.25)\" fill=\"rgba(248,0,68,0.11)\" \/>\n\t\t\t\t\t\t\t\t\t\t\t\t\t<path id=\"Vector\" d=\"M6,12.655l4.9,4.9,9.795-9.8\" transform=\"translate(1129.5 2979.993)\" fill=\"none\" stroke=\"#f80044\" stroke-linecap=\"round\" stroke-linejoin=\"round\" stroke-width=\"3\" \/>\n\t\t\t\t\t\t\t\t\t\t\t\t<\/g>\n\t\t\t\t\t\t\t\t\t\t\t<\/svg>\n\t\t\t\t\t\t\t\t\t\t\tVideo\t\t\t\t\t\t\t\t\t\t<\/li>\n\n\t\t\t\t\t\t\t\t\t\t\t\t\t\t\t\t\t<li class=\"custom_listing_field\"><svg xmlns=\"http:\/\/www.w3.org\/2000\/svg\" width=\"42\" height=\"42\" viewbox=\"0 0 42 42\">\n\t\t\t\t\t\t\t\t\t\t\t\t<g id=\"Group_33\" data-name=\"Group 33\" transform=\"translate(-1122 -2972.25)\">\n\t\t\t\t\t\t\t\t\t\t\t\t\t<circle id=\"Ellipse_4\" data-name=\"Ellipse 4\" cx=\"21\" cy=\"21\" r=\"21\" transform=\"translate(1122 2972.25)\" fill=\"rgba(248,0,68,0.11)\" \/>\n\t\t\t\t\t\t\t\t\t\t\t\t\t<path id=\"Vector\" d=\"M6,12.655l4.9,4.9,9.795-9.8\" transform=\"translate(1129.5 2979.993)\" fill=\"none\" stroke=\"#f80044\" stroke-linecap=\"round\" stroke-linejoin=\"round\" stroke-width=\"3\" \/>\n\t\t\t\t\t\t\t\t\t\t\t\t<\/g>\n\t\t\t\t\t\t\t\t\t\t\t<\/svg>\n\t\t\t\t\t\t\t\t\t\t\tModul Preisgestaltung\t\t\t\t\t\t\t\t\t\t<\/li>\n\n\t\t\t\t\t\t\t\t\t\t\t\t\t\t\t\t\t<li class=\"custom_listing_field\"><svg xmlns=\"http:\/\/www.w3.org\/2000\/svg\" width=\"42\" height=\"42\" viewbox=\"0 0 42 42\">\n\t\t\t\t\t\t\t\t\t\t\t\t<g id=\"Group_33\" data-name=\"Group 33\" transform=\"translate(-1122 -2972.25)\">\n\t\t\t\t\t\t\t\t\t\t\t\t\t<circle id=\"Ellipse_4\" data-name=\"Ellipse 4\" cx=\"21\" cy=\"21\" r=\"21\" transform=\"translate(1122 2972.25)\" fill=\"rgba(248,0,68,0.11)\" \/>\n\t\t\t\t\t\t\t\t\t\t\t\t\t<path id=\"Vector\" d=\"M6,12.655l4.9,4.9,9.795-9.8\" transform=\"translate(1129.5 2979.993)\" fill=\"none\" stroke=\"#f80044\" stroke-linecap=\"round\" stroke-linejoin=\"round\" stroke-width=\"3\" \/>\n\t\t\t\t\t\t\t\t\t\t\t\t<\/g>\n\t\t\t\t\t\t\t\t\t\t\t<\/svg>\n\t\t\t\t\t\t\t\t\t\t\tDie \u00d6ffnungszeiten\t\t\t\t\t\t\t\t\t\t<\/li>\n\n\t\t\t\t\t\t\t\t\t\t\t\t\t\t\t\t\t<li class=\"custom_listing_field\"><svg xmlns=\"http:\/\/www.w3.org\/2000\/svg\" width=\"42\" height=\"42\" viewbox=\"0 0 42 42\">\n\t\t\t\t\t\t\t\t\t\t\t\t<g id=\"Group_33\" data-name=\"Group 33\" transform=\"translate(-1122 -2972.25)\">\n\t\t\t\t\t\t\t\t\t\t\t\t\t<circle id=\"Ellipse_4\" data-name=\"Ellipse 4\" cx=\"21\" cy=\"21\" r=\"21\" transform=\"translate(1122 2972.25)\" fill=\"rgba(248,0,68,0.11)\" \/>\n\t\t\t\t\t\t\t\t\t\t\t\t\t<path id=\"Vector\" d=\"M6,12.655l4.9,4.9,9.795-9.8\" transform=\"translate(1129.5 2979.993)\" fill=\"none\" stroke=\"#f80044\" stroke-linecap=\"round\" stroke-linejoin=\"round\" stroke-width=\"3\" \/>\n\t\t\t\t\t\t\t\t\t\t\t\t<\/g>\n\t\t\t\t\t\t\t\t\t\t\t<\/svg>\n\t\t\t\t\t\t\t\t\t\t\tBeinhaltet 1000 garantierte Aufrufe in einer Top-Anzeigenplatzierung\t\t\t\t\t\t\t\t\t\t<\/li>\n\n\t\t\t\t\t\t\t\t\t\t\t\t\t<\/ul>\n\t\t\t\t\t\t<strong>Plan Premium beinhaltet: Nombre del negocio, Logo, Direcci\u00f2n y tel\u00e8fono, 4 fotos, Video, Horarios, Rango de precios, redes sociales, primer puesto rotativo en categoria y 1000 ads views gratis por mes.\u00a0<\/strong>\t\t\t\t\t<\/div>\n\t\t\t\t\t<div class=\"pricing-package-select\">\n\t\t\t\t\t\t<a class=\"button\" href=\"https:\/\/puntacanahotdeals.com\/de\/pay-now\/\" target=\"_blank\" rel=\"nofollow\"><i class=\"fa fa-shopping-cart\"><\/i>Pay Now<\/a>\t\t\t\t\t<\/div>\n\t\t\t\t<\/div>\n\t\t\t\t\t\t\t<\/div>\n\t\t\t\t<\/div>\n\t\t\t\t<\/div>\n\t\t\t\t<\/div>\n\t\t\t\t\t<\/div>\n\t\t\t\t<\/div>\n\t\t\t\t<\/div>","protected":false},"excerpt":{"rendered":"<p>Pricing Plans The more you invest, the more visibility and trust you build. Over 4 million tourists visit every year Punta Cana and more than 80% look for what to do at the last minute. Paid plans mean better placement, more images, and more chances to get booked. This is your moment to shine where [&hellip;]<\/p>\n","protected":false},"author":1,"featured_media":0,"parent":0,"menu_order":0,"comment_status":"closed","ping_status":"closed","template":"","meta":{"_acf_changed":false,"footnotes":""},"class_list":["post-731","page","type-page","status-publish","hentry"],"acf":[],"aioseo_notices":[],"_links":{"self":[{"href":"https:\/\/puntacanahotdeals.com\/de\/wp-json\/wp\/v2\/pages\/731","targetHints":{"allow":["GET"]}}],"collection":[{"href":"https:\/\/puntacanahotdeals.com\/de\/wp-json\/wp\/v2\/pages"}],"about":[{"href":"https:\/\/puntacanahotdeals.com\/de\/wp-json\/wp\/v2\/types\/page"}],"author":[{"embeddable":true,"href":"https:\/\/puntacanahotdeals.com\/de\/wp-json\/wp\/v2\/users\/1"}],"replies":[{"embeddable":true,"href":"https:\/\/puntacanahotdeals.com\/de\/wp-json\/wp\/v2\/comments?post=731"}],"version-history":[{"count":16,"href":"https:\/\/puntacanahotdeals.com\/de\/wp-json\/wp\/v2\/pages\/731\/revisions"}],"predecessor-version":[{"id":3748,"href":"https:\/\/puntacanahotdeals.com\/de\/wp-json\/wp\/v2\/pages\/731\/revisions\/3748"}],"wp:attachment":[{"href":"https:\/\/puntacanahotdeals.com\/de\/wp-json\/wp\/v2\/media?parent=731"}],"curies":[{"name":"wp","href":"https:\/\/api.w.org\/{rel}","templated":true}]}}