{"id":136,"date":"2017-12-29T22:06:42","date_gmt":"2017-12-29T22:06:42","guid":{"rendered":"http:\/\/localhost\/themes\/wordpress\/listeo\/?post_type=product&#038;p=463"},"modified":"2025-06-02T21:43:45","modified_gmt":"2025-06-02T21:43:45","slug":"proffesional","status":"publish","type":"product","link":"https:\/\/puntacanahotdeals.com\/de\/product\/proffesional\/","title":{"rendered":"Pr\u00e4mie"},"content":{"rendered":"<p><strong>Plan Premium beinhaltet: Nombre del negocio, Logo, Direcci\u00f2n y tel\u00e8fono, 4 fotos, Video, Horarios, Rango de precios, redes sociales, primer puesto rotativo en categoria y 1000 ads views gratis por mes.\u00a0<\/strong><\/p>","protected":false},"excerpt":{"rendered":"<p>Monatlicher Preis<\/p>","protected":false},"featured_media":0,"comment_status":"open","ping_status":"closed","template":"","meta":{"_acf_changed":false},"product_brand":[],"product_cat":[15],"product_tag":[],"class_list":{"0":"post-136","1":"product","2":"type-product","3":"status-publish","5":"product_cat-uncategorized","7":"first","8":"instock","9":"virtual","10":"sold-individually","11":"purchasable","12":"product-type-listing_package"},"acf":[],"aioseo_notices":[],"_links":{"self":[{"href":"https:\/\/puntacanahotdeals.com\/de\/wp-json\/wp\/v2\/product\/136","targetHints":{"allow":["GET"]}}],"collection":[{"href":"https:\/\/puntacanahotdeals.com\/de\/wp-json\/wp\/v2\/product"}],"about":[{"href":"https:\/\/puntacanahotdeals.com\/de\/wp-json\/wp\/v2\/types\/product"}],"replies":[{"embeddable":true,"href":"https:\/\/puntacanahotdeals.com\/de\/wp-json\/wp\/v2\/comments?post=136"}],"wp:attachment":[{"href":"https:\/\/puntacanahotdeals.com\/de\/wp-json\/wp\/v2\/media?parent=136"}],"wp:term":[{"taxonomy":"product_brand","embeddable":true,"href":"https:\/\/puntacanahotdeals.com\/de\/wp-json\/wp\/v2\/product_brand?post=136"},{"taxonomy":"product_cat","embeddable":true,"href":"https:\/\/puntacanahotdeals.com\/de\/wp-json\/wp\/v2\/product_cat?post=136"},{"taxonomy":"product_tag","embeddable":true,"href":"https:\/\/puntacanahotdeals.com\/de\/wp-json\/wp\/v2\/product_tag?post=136"}],"curies":[{"name":"wp","href":"https:\/\/api.w.org\/{rel}","templated":true}]}}