{"id":510,"date":"2025-05-19T18:54:11","date_gmt":"2025-05-19T18:54:11","guid":{"rendered":"https:\/\/puntacanahotdeals.com\/?page_id=510"},"modified":"2025-06-09T19:00:33","modified_gmt":"2025-06-09T19:00:33","slug":"condiciones-de-servicio","status":"publish","type":"page","link":"https:\/\/puntacanahotdeals.com\/es\/terms-of-services\/","title":{"rendered":"Condiciones de servicio"},"content":{"rendered":"<h1 class=\"wp-block-heading\">Condiciones del servicio de PuntaCanaHotDeals.com<\/h1>\n\n\n\n<p>\u00daltima actualizaci\u00f3n: 17 de mayo de 2025<br><br><\/p>\n\n\n\n<h2 class=\"wp-block-heading\">1. Aceptaci\u00f3n de las condiciones<\/h2>\n\n\n\n<p>Al acceder o utilizar PuntaCanaHotDeals.com (\"nosotros\", \"nuestro\", o \"el sitio\"), usted acepta cumplir y estar obligado por estos T\u00e9rminos de Servicio. Si usted no est\u00e1 de acuerdo con estos t\u00e9rminos, por favor no utilice el sitio.<br><br><\/p>\n\n\n\n<h2 class=\"wp-block-heading\">2. Uso del sitio web<\/h2>\n\n\n\n<p>Usted se compromete a utilizar el sitio s\u00f3lo para fines l\u00edcitos y de una manera que no infrinja los derechos de, restringir o inhibir el uso y disfrute del sitio de cualquier otra persona.<br><br><\/p>\n\n\n\n<h2 class=\"wp-block-heading\">3. Listas de terceros y responsabilidad<\/h2>\n\n\n\n<p>PuntaCanaHotDeals.com es una plataforma digital que permite a terceras empresas listar sus servicios, ofertas y oportunidades de inversi\u00f3n con fines informativos y promocionales.<br><br>No somos propietarios, operamos ni gestionamos ninguno de los negocios, hoteles, restaurantes, excursiones o agencias inmobiliarias que aparecen en este sitio.<br><br>Al utilizar este sitio web, usted reconoce y acepta que:<br>- Cada empresa es la \u00fanica responsable de la exactitud, legalidad y fiabilidad de la informaci\u00f3n que facilita.<br>- PuntaCanaHotDeals.com no garantiza la calidad, disponibilidad o seguridad de ning\u00fan producto o servicio anunciado.<br>- No somos parte en ninguna transacci\u00f3n o acuerdo entre los usuarios y las empresas incluidas en la lista.<br>- Cualquier queja, reclamaci\u00f3n o litigio debe dirigirse directamente a la empresa implicada.<br><br>Utilice este sitio por su cuenta y riesgo. No asumimos responsabilidad alguna por da\u00f1os, p\u00e9rdidas o litigios derivados del uso de cualquier servicio incluido en nuestra plataforma.<br><br><\/p>\n\n\n\n<h2 class=\"wp-block-heading\">4. 4. Propiedad intelectual<\/h2>\n\n\n\n<p>Todo el contenido de PuntaCanaHotDeals.com, incluyendo texto, gr\u00e1ficos, logotipos e im\u00e1genes, es propiedad de PuntaCanaHotDeals.com o de sus proveedores de contenido y est\u00e1 protegido por derechos de autor y leyes de propiedad intelectual.<br><br><\/p>\n\n\n\n<h2 class=\"wp-block-heading\">5. 5. Limitaci\u00f3n de responsabilidad<\/h2>\n\n\n\n<p>En la m\u00e1xima medida permitida por la ley, PuntaCanaHotDeals.com no ser\u00e1 responsable de ning\u00fan da\u00f1o que surja o est\u00e9 relacionado con el uso del sitio o de cualquier servicio o contenido al que se acceda a trav\u00e9s de \u00e9l.<br><br><\/p>\n\n\n\n<h2 class=\"wp-block-heading\">6. 6. Modificaci\u00f3n de las condiciones<\/h2>\n\n\n\n<p>Nos reservamos el derecho a modificar estas Condiciones del servicio en cualquier momento. Cualquier cambio ser\u00e1 publicado en esta p\u00e1gina con una fecha actualizada de \"\u00daltima actualizaci\u00f3n\". El uso continuado del sitio despu\u00e9s de los cambios constituye su aceptaci\u00f3n de los nuevos t\u00e9rminos.<br><br><\/p>\n\n\n\n<h2 class=\"wp-block-heading\">7. Derecho aplicable<\/h2>\n\n\n\n<p>Estas condiciones se rigen e interpretan de acuerdo con la legislaci\u00f3n de Estados Unidos. Cualquier disputa que surja en relaci\u00f3n con estas condiciones estar\u00e1 sujeta a la jurisdicci\u00f3n exclusiva de los tribunales de EE.UU.<br><br><\/p>\n\n\n\n<h2 class=\"wp-block-heading\">8. 8. Informaci\u00f3n de contacto<\/h2>\n\n\n\n<p>Si tiene alguna pregunta sobre estas Condiciones del servicio, p\u00f3ngase en contacto con nosotros en:<br>Correo electr\u00f3nico: legal@puntacanahotdeals.com<br>P\u00e1gina web: www.puntacanahotdeals.com<br><br><\/p>","protected":false},"excerpt":{"rendered":"<p>Terms of Service for PuntaCanaHotDeals.com Last Updated: May 17, 2025 1. Acceptance of Terms By accessing or using PuntaCanaHotDeals.com (\u201cwe\u201d, \u201cour\u201d, or \u201cthe site\u201d), you agree to comply with and be bound by these Terms of Service. If you do not agree with these terms, please do not use the site. 2. Use of the [&hellip;]<\/p>\n","protected":false},"author":1,"featured_media":0,"parent":0,"menu_order":0,"comment_status":"closed","ping_status":"closed","template":"","meta":{"_acf_changed":false,"footnotes":""},"class_list":["post-510","page","type-page","status-publish","hentry"],"acf":[],"aioseo_notices":[],"_links":{"self":[{"href":"https:\/\/puntacanahotdeals.com\/es\/wp-json\/wp\/v2\/pages\/510","targetHints":{"allow":["GET"]}}],"collection":[{"href":"https:\/\/puntacanahotdeals.com\/es\/wp-json\/wp\/v2\/pages"}],"about":[{"href":"https:\/\/puntacanahotdeals.com\/es\/wp-json\/wp\/v2\/types\/page"}],"author":[{"embeddable":true,"href":"https:\/\/puntacanahotdeals.com\/es\/wp-json\/wp\/v2\/users\/1"}],"replies":[{"embeddable":true,"href":"https:\/\/puntacanahotdeals.com\/es\/wp-json\/wp\/v2\/comments?post=510"}],"version-history":[{"count":1,"href":"https:\/\/puntacanahotdeals.com\/es\/wp-json\/wp\/v2\/pages\/510\/revisions"}],"predecessor-version":[{"id":2096,"href":"https:\/\/puntacanahotdeals.com\/es\/wp-json\/wp\/v2\/pages\/510\/revisions\/2096"}],"wp:attachment":[{"href":"https:\/\/puntacanahotdeals.com\/es\/wp-json\/wp\/v2\/media?parent=510"}],"curies":[{"name":"wp","href":"https:\/\/api.w.org\/{rel}","templated":true}]}}