{"id":514,"date":"2025-05-19T18:56:58","date_gmt":"2025-05-19T18:56:58","guid":{"rendered":"https:\/\/puntacanahotdeals.com\/?page_id=514"},"modified":"2025-06-10T12:50:40","modified_gmt":"2025-06-10T12:50:40","slug":"ayuda","status":"publish","type":"page","link":"https:\/\/puntacanahotdeals.com\/es\/help-support\/","title":{"rendered":"Ayuda y asistencia"},"content":{"rendered":"<h1 class=\"wp-block-heading\">Ayuda y Soporte - PuntaCanaHotDeals.com<\/h1>\n\n\n\n<p>\u00daltima actualizaci\u00f3n: 17 de mayo de 2025<br><br><\/p>\n\n\n\n<p>En PuntaCanaHotDeals.com, estamos aqu\u00ed para ayudarle a sacar el m\u00e1ximo provecho de su experiencia - si usted es un viajero, un empresario, o simplemente explorar las oportunidades en Punta Cana.<br><br>A continuaci\u00f3n encontrar\u00e1 respuestas a preguntas frecuentes y formas de obtener ayuda:<br><br><br><\/p>\n\n\n\n<h2 class=\"wp-block-heading\">1. Para los viajeros<\/h2>\n\n\n\n<p><br>- \u00bfBusca recomendaciones de hoteles, restaurantes o actividades? Consulte nuestros \u00faltimos art\u00edculos o utilice la barra de b\u00fasqueda.<br>- \u00bfNecesita ayuda para ponerse en contacto con una empresa de la lista? Todos los anuncios incluyen informaci\u00f3n de contacto. Si faltan, d\u00edganoslo y le ayudaremos.<br>- \u00bfHa encontrado informaci\u00f3n incorrecta u obsoleta? Notif\u00edquelo a: support@puntacanahotdeals.com<br><br><\/p>\n\n\n\n<h2 class=\"wp-block-heading\">2. Para empresarios<\/h2>\n\n\n\n<p><br>- \u00bfQuiere publicar su empresa gratis? Visite nuestra p\u00e1gina \"A\u00f1ada su empresa\" y rellene el formulario.<br>- \u00bfLe interesa promocionar su anuncio? Ofrecemos opciones de mejora de la visibilidad. P\u00f3ngase en contacto con nosotros en: partners@puntacanahotdeals.com<br>- \u00bfNecesita actualizar o eliminar su ficha de empresa? Env\u00edenos un correo electr\u00f3nico con el nombre de su empresa y los cambios necesarios.<br><br><\/p>\n\n\n\n<h2 class=\"wp-block-heading\">3. 3. Cuestiones t\u00e9cnicas<\/h2>\n\n\n\n<p><br>- Si el sitio no se muestra correctamente o tienes problemas para acceder a determinadas funciones, prueba a borrar la cach\u00e9 del navegador o a cambiar de dispositivo.<br>- \u00bfSigue teniendo problemas? Contacto: tech@puntacanahotdeals.com<br><br><\/p>\n\n\n\n<h2 class=\"wp-block-heading\">4. Tiempos de respuesta<\/h2>\n\n\n\n<p><br>Normalmente respondemos a los correos electr\u00f3nicos en un plazo de 24-48 horas laborables. Si su asunto es urgente, escriba \"URGENTE\" en el asunto.<br><br><\/p>\n\n\n\n<h2 class=\"wp-block-heading\">5. Canales de contacto<\/h2>\n\n\n\n<p><br>- Consultas generales: support@puntacanahotdeals.com<br>- Asociaciones empresariales: partners@puntacanahotdeals.com<br>- Asistencia t\u00e9cnica: tech@puntacanahotdeals.com<br><br><\/p>\n\n\n\n<p>Estamos aqu\u00ed para hacer que su experiencia en Punta Cana sea agradable y sin complicaciones. \u00a1Gracias por formar parte de nuestra comunidad!<\/p>","protected":false},"excerpt":{"rendered":"<p>Help &amp; Support \u2013 PuntaCanaHotDeals.com Last Updated: May 17, 2025 At PuntaCanaHotDeals.com, we\u2019re here to help you make the most of your experience \u2013 whether you&#8217;re a traveler, a business owner, or just exploring opportunities in Punta Cana. Below you&#8217;ll find answers to common questions and ways to get support: 1. For Travelers &#8211; Looking [&hellip;]<\/p>\n","protected":false},"author":1,"featured_media":0,"parent":0,"menu_order":0,"comment_status":"closed","ping_status":"closed","template":"","meta":{"_acf_changed":false,"footnotes":""},"class_list":["post-514","page","type-page","status-publish","hentry"],"acf":[],"aioseo_notices":[],"_links":{"self":[{"href":"https:\/\/puntacanahotdeals.com\/es\/wp-json\/wp\/v2\/pages\/514","targetHints":{"allow":["GET"]}}],"collection":[{"href":"https:\/\/puntacanahotdeals.com\/es\/wp-json\/wp\/v2\/pages"}],"about":[{"href":"https:\/\/puntacanahotdeals.com\/es\/wp-json\/wp\/v2\/types\/page"}],"author":[{"embeddable":true,"href":"https:\/\/puntacanahotdeals.com\/es\/wp-json\/wp\/v2\/users\/1"}],"replies":[{"embeddable":true,"href":"https:\/\/puntacanahotdeals.com\/es\/wp-json\/wp\/v2\/comments?post=514"}],"version-history":[{"count":1,"href":"https:\/\/puntacanahotdeals.com\/es\/wp-json\/wp\/v2\/pages\/514\/revisions"}],"predecessor-version":[{"id":2056,"href":"https:\/\/puntacanahotdeals.com\/es\/wp-json\/wp\/v2\/pages\/514\/revisions\/2056"}],"wp:attachment":[{"href":"https:\/\/puntacanahotdeals.com\/es\/wp-json\/wp\/v2\/media?parent=514"}],"curies":[{"name":"wp","href":"https:\/\/api.w.org\/{rel}","templated":true}]}}