{"id":520,"date":"2025-05-19T19:01:46","date_gmt":"2025-05-19T19:01:46","guid":{"rendered":"https:\/\/puntacanahotdeals.com\/?page_id=520"},"modified":"2025-06-09T18:08:42","modified_gmt":"2025-06-09T18:08:42","slug":"acerca-de-nosotros","status":"publish","type":"page","link":"https:\/\/puntacanahotdeals.com\/es\/about-us\/","title":{"rendered":"Qui\u00e9nes somos"},"content":{"rendered":"<div data-elementor-type=\"wp-page\" data-elementor-id=\"520\" class=\"elementor elementor-520\">\n\t\t\t\t<div class=\"elementor-element elementor-element-e30e13b e-flex e-con-boxed e-con e-parent\" data-id=\"e30e13b\" data-element_type=\"container\" data-e-type=\"container\">\n\t\t\t\t\t<div class=\"e-con-inner\">\n\t\t<div class=\"elementor-element elementor-element-2eb78c2 e-con-full e-flex e-con e-child\" data-id=\"2eb78c2\" data-element_type=\"container\" data-e-type=\"container\">\n\t\t\t\t<div class=\"elementor-element elementor-element-cdd8d67 elementor-widget elementor-widget-heading\" data-id=\"cdd8d67\" data-element_type=\"widget\" data-e-type=\"widget\" data-widget_type=\"heading.default\">\n\t\t\t\t<div class=\"elementor-widget-container\">\n\t\t\t\t\t<h3 class=\"elementor-heading-title elementor-size-default\">Qui\u00e9nes somos<\/h3>\t\t\t\t<\/div>\n\t\t\t\t<\/div>\n\t\t\t\t<div class=\"elementor-element elementor-element-d235646 elementor-widget elementor-widget-text-editor\" data-id=\"d235646\" data-element_type=\"widget\" data-e-type=\"widget\" data-widget_type=\"text-editor.default\">\n\t\t\t\t<div class=\"elementor-widget-container\">\n\t\t\t\t\t\t\t\t\t<p>Bienvenido a PuntaCanaHotDeals.com - su gu\u00eda privilegiada de las mejores experiencias, ofertas y oportunidades en Punta Cana.<br \/><br \/>Hemos creado esta plataforma con una misi\u00f3n clara: facilitar a los viajeros y futuros inversores el descubrimiento de la verdadera Punta Cana, m\u00e1s all\u00e1 de los folletos brillantes. Desde restaurantes ocultos y aventuras locales hasta complejos tur\u00edsticos con todo incluido y joyas inmobiliarias, nuestro objetivo es reunirlo todo bajo un mismo techo.<br \/><br \/>A diferencia de los sitios de reservas tradicionales, no cobramos a las empresas por aparecer en nuestra plataforma. Todos los hoteles, excursiones y restaurantes pueden aparecer gratis. En cambio, ofrecemos opciones de visibilidad premium para aquellos que quieran destacar.<br \/><br \/>Nuestra visi\u00f3n a largo plazo es construir el centro online m\u00e1s completo para Punta Cana, atrayendo la atenci\u00f3n internacional no s\u00f3lo de turistas, sino tambi\u00e9n de marcas e inversores globales. Queremos que este sitio sea el lugar donde planifique su viaje, se enamore del destino e incluso encuentre su futuro hogar.<br \/><br \/>Tanto si es una empresa local, un viajero que vuelve o un visitante primerizo, le invitamos a formar parte de esta creciente comunidad.<br \/><br \/>Bienvenido a Punta Cana Hot Deals - descubra algo m\u00e1s que unas vacaciones.<\/p>\t\t\t\t\t\t\t\t<\/div>\n\t\t\t\t<\/div>\n\t\t\t\t<div class=\"elementor-element elementor-element-589f448 elementor-mobile-align-center elementor-align-center elementor-invisible elementor-widget elementor-widget-button\" data-id=\"589f448\" data-element_type=\"widget\" data-e-type=\"widget\" data-settings=\"{&quot;_animation&quot;:&quot;fadeInDown&quot;}\" data-widget_type=\"button.default\">\n\t\t\t\t<div class=\"elementor-widget-container\">\n\t\t\t\t\t\t\t\t\t<div class=\"elementor-button-wrapper\">\n\t\t\t\t\t<a class=\"elementor-button elementor-button-link elementor-size-sm\" href=\"https:\/\/puntacanahotdeals.com\/es\/pongase-en-contacto-con\/\">\n\t\t\t\t\t\t<span class=\"elementor-button-content-wrapper\">\n\t\t\t\t\t\t\t\t\t<span class=\"elementor-button-text\">P\u00f3ngase en contacto con<\/span>\n\t\t\t\t\t<\/span>\n\t\t\t\t\t<\/a>\n\t\t\t\t<\/div>\n\t\t\t\t\t\t\t\t<\/div>\n\t\t\t\t<\/div>\n\t\t\t\t<\/div>\n\t\t\t\t\t<\/div>\n\t\t\t\t<\/div>\n\t\t\t\t<\/div>","protected":false},"excerpt":{"rendered":"<p>About Us Welcome to PuntaCanaHotDeals.com \u2013 your insider guide to the best experiences, deals, and opportunities in Punta Cana. We created this platform with one clear mission: to make it easy for travelers and future investors to discover the real Punta Cana \u2013 beyond the glossy brochures. From hidden restaurants and local adventures to all-inclusive [&hellip;]<\/p>\n","protected":false},"author":1,"featured_media":0,"parent":0,"menu_order":0,"comment_status":"closed","ping_status":"closed","template":"","meta":{"_acf_changed":false,"footnotes":""},"class_list":["post-520","page","type-page","status-publish","hentry"],"acf":[],"aioseo_notices":[],"_links":{"self":[{"href":"https:\/\/puntacanahotdeals.com\/es\/wp-json\/wp\/v2\/pages\/520","targetHints":{"allow":["GET"]}}],"collection":[{"href":"https:\/\/puntacanahotdeals.com\/es\/wp-json\/wp\/v2\/pages"}],"about":[{"href":"https:\/\/puntacanahotdeals.com\/es\/wp-json\/wp\/v2\/types\/page"}],"author":[{"embeddable":true,"href":"https:\/\/puntacanahotdeals.com\/es\/wp-json\/wp\/v2\/users\/1"}],"replies":[{"embeddable":true,"href":"https:\/\/puntacanahotdeals.com\/es\/wp-json\/wp\/v2\/comments?post=520"}],"version-history":[{"count":1,"href":"https:\/\/puntacanahotdeals.com\/es\/wp-json\/wp\/v2\/pages\/520\/revisions"}],"predecessor-version":[{"id":2028,"href":"https:\/\/puntacanahotdeals.com\/es\/wp-json\/wp\/v2\/pages\/520\/revisions\/2028"}],"wp:attachment":[{"href":"https:\/\/puntacanahotdeals.com\/es\/wp-json\/wp\/v2\/media?parent=520"}],"curies":[{"name":"wp","href":"https:\/\/api.w.org\/{rel}","templated":true}]}}