{"id":510,"date":"2025-05-19T18:54:11","date_gmt":"2025-05-19T18:54:11","guid":{"rendered":"https:\/\/puntacanahotdeals.com\/?page_id=510"},"modified":"2025-06-09T19:00:33","modified_gmt":"2025-06-09T19:00:33","slug":"conditions-dutilisation-des-services","status":"publish","type":"page","link":"https:\/\/puntacanahotdeals.com\/fr\/terms-of-services\/","title":{"rendered":"Conditions d'utilisation"},"content":{"rendered":"<h1 class=\"wp-block-heading\">Conditions d'utilisation du site PuntaCanaHotDeals.com<\/h1>\n\n\n\n<p>Derni\u00e8re mise \u00e0 jour : 17 mai 2025<br><br><\/p>\n\n\n\n<h2 class=\"wp-block-heading\">1. Acceptation des conditions<\/h2>\n\n\n\n<p>En acc\u00e9dant au site PuntaCanaHotDeals.com (\" nous \", \" notre \" ou \" le site \") ou en l'utilisant, vous acceptez de vous conformer aux pr\u00e9sentes conditions d'utilisation et d'\u00eatre li\u00e9 par celles-ci. Si vous n'acceptez pas ces conditions, veuillez ne pas utiliser le site.<br><br><\/p>\n\n\n\n<h2 class=\"wp-block-heading\">2. Utilisation du site<\/h2>\n\n\n\n<p>Vous acceptez de n'utiliser le site qu'\u00e0 des fins l\u00e9gales et d'une mani\u00e8re qui ne porte pas atteinte aux droits d'autrui, ni ne restreint ou n'emp\u00eache l'utilisation et la jouissance du site par autrui.<br><br><\/p>\n\n\n\n<h2 class=\"wp-block-heading\">3. Listes de tiers et responsabilit\u00e9<\/h2>\n\n\n\n<p>PuntaCanaHotDeals.com est une plateforme num\u00e9rique qui permet \u00e0 des entreprises tierces de pr\u00e9senter leurs services, leurs offres et leurs possibilit\u00e9s d'investissement \u00e0 des fins d'information et de promotion.<br><br>Nous ne poss\u00e9dons, n'exploitons ni ne g\u00e9rons aucune des entreprises, h\u00f4tels, restaurants, circuits ou agences immobili\u00e8res r\u00e9pertori\u00e9s sur ce site.<br><br>En utilisant ce site web, vous reconnaissez et acceptez que :<br>- Chaque entreprise est seule responsable de l'exactitude, de la l\u00e9galit\u00e9 et de la fiabilit\u00e9 des informations qu'elle fournit.<br>- PuntaCanaHotDeals.com ne garantit pas la qualit\u00e9, la disponibilit\u00e9 ou la s\u00e9curit\u00e9 des produits ou services annonc\u00e9s.<br>- Nous ne sommes partie prenante \u00e0 aucune transaction ou accord entre les utilisateurs et les entreprises r\u00e9pertori\u00e9es.<br>- Les plaintes, r\u00e9clamations ou litiges doivent \u00eatre adress\u00e9s directement \u00e0 l'entreprise concern\u00e9e.<br><br>L'utilisation de ce site se fait \u00e0 vos risques et p\u00e9rils. Nous n'assumons aucune responsabilit\u00e9 pour les dommages, pertes ou litiges r\u00e9sultant de l'utilisation d'un service r\u00e9pertori\u00e9 sur notre plateforme.<br><br><\/p>\n\n\n\n<h2 class=\"wp-block-heading\">4. Propri\u00e9t\u00e9 intellectuelle<\/h2>\n\n\n\n<p>Tout le contenu du site PuntaCanaHotDeals.com, y compris les textes, les graphiques, les logos et les images, est la propri\u00e9t\u00e9 du site PuntaCanaHotDeals.com ou de ses fournisseurs de contenu et est prot\u00e9g\u00e9 par les lois sur les droits d'auteur et la propri\u00e9t\u00e9 intellectuelle.<br><br><\/p>\n\n\n\n<h2 class=\"wp-block-heading\">5. Limitation de la responsabilit\u00e9<\/h2>\n\n\n\n<p>Dans toute la mesure permise par la loi, PuntaCanaHotDeals.com n'est pas responsable des dommages d\u00e9coulant de l'utilisation du site, des services ou du contenu auxquels il donne acc\u00e8s, ou s'y rapportant.<br><br><\/p>\n\n\n\n<h2 class=\"wp-block-heading\">6. Modifications des conditions<\/h2>\n\n\n\n<p>Nous nous r\u00e9servons le droit de modifier les pr\u00e9sentes conditions de service \u00e0 tout moment. Toute modification sera publi\u00e9e sur cette page avec une date de \"derni\u00e8re mise \u00e0 jour\" actualis\u00e9e. En continuant \u00e0 utiliser le site apr\u00e8s les modifications, vous acceptez les nouvelles conditions.<br><br><\/p>\n\n\n\n<h2 class=\"wp-block-heading\">7. Droit applicable<\/h2>\n\n\n\n<p>Les pr\u00e9sentes conditions sont r\u00e9gies et interpr\u00e9t\u00e9es conform\u00e9ment aux lois des \u00c9tats-Unis. Tout litige d\u00e9coulant des pr\u00e9sentes conditions ou s'y rapportant sera soumis \u00e0 la comp\u00e9tence exclusive des tribunaux des \u00c9tats-Unis.<br><br><\/p>\n\n\n\n<h2 class=\"wp-block-heading\">8. Informations sur les contacts<\/h2>\n\n\n\n<p>Si vous avez des questions concernant les pr\u00e9sentes conditions d'utilisation, veuillez nous contacter \u00e0 l'adresse suivante :<br>Courriel : legal@puntacanahotdeals.com<br>Site web : www.puntacanahotdeals.com<br><br><\/p>","protected":false},"excerpt":{"rendered":"<p>Terms of Service for PuntaCanaHotDeals.com Last Updated: May 17, 2025 1. Acceptance of Terms By accessing or using PuntaCanaHotDeals.com (\u201cwe\u201d, \u201cour\u201d, or \u201cthe site\u201d), you agree to comply with and be bound by these Terms of Service. If you do not agree with these terms, please do not use the site. 2. Use of the [&hellip;]<\/p>\n","protected":false},"author":1,"featured_media":0,"parent":0,"menu_order":0,"comment_status":"closed","ping_status":"closed","template":"","meta":{"_acf_changed":false,"footnotes":""},"class_list":["post-510","page","type-page","status-publish","hentry"],"acf":[],"aioseo_notices":[],"_links":{"self":[{"href":"https:\/\/puntacanahotdeals.com\/fr\/wp-json\/wp\/v2\/pages\/510","targetHints":{"allow":["GET"]}}],"collection":[{"href":"https:\/\/puntacanahotdeals.com\/fr\/wp-json\/wp\/v2\/pages"}],"about":[{"href":"https:\/\/puntacanahotdeals.com\/fr\/wp-json\/wp\/v2\/types\/page"}],"author":[{"embeddable":true,"href":"https:\/\/puntacanahotdeals.com\/fr\/wp-json\/wp\/v2\/users\/1"}],"replies":[{"embeddable":true,"href":"https:\/\/puntacanahotdeals.com\/fr\/wp-json\/wp\/v2\/comments?post=510"}],"version-history":[{"count":1,"href":"https:\/\/puntacanahotdeals.com\/fr\/wp-json\/wp\/v2\/pages\/510\/revisions"}],"predecessor-version":[{"id":2096,"href":"https:\/\/puntacanahotdeals.com\/fr\/wp-json\/wp\/v2\/pages\/510\/revisions\/2096"}],"wp:attachment":[{"href":"https:\/\/puntacanahotdeals.com\/fr\/wp-json\/wp\/v2\/media?parent=510"}],"curies":[{"name":"wp","href":"https:\/\/api.w.org\/{rel}","templated":true}]}}