{"id":514,"date":"2025-05-19T18:56:58","date_gmt":"2025-05-19T18:56:58","guid":{"rendered":"https:\/\/puntacanahotdeals.com\/?page_id=514"},"modified":"2025-06-10T12:50:40","modified_gmt":"2025-06-10T12:50:40","slug":"aide-au-soutien","status":"publish","type":"page","link":"https:\/\/puntacanahotdeals.com\/fr\/help-support\/","title":{"rendered":"Aide et assistance"},"content":{"rendered":"<h1 class=\"wp-block-heading\">Aide et support - PuntaCanaHotDeals.com<\/h1>\n\n\n\n<p>Derni\u00e8re mise \u00e0 jour : 17 mai 2025<br><br><\/p>\n\n\n\n<p>\u00c0 PuntaCanaHotDeals.com, nous sommes l\u00e0 pour vous aider \u00e0 tirer le meilleur parti de votre exp\u00e9rience, que vous soyez un voyageur, un propri\u00e9taire d'entreprise ou un simple explorateur de possibilit\u00e9s \u00e0 Punta Cana.<br><br>Vous trouverez ci-dessous les r\u00e9ponses aux questions les plus courantes et les moyens d'obtenir de l'aide :<br><br><br><\/p>\n\n\n\n<h2 class=\"wp-block-heading\">1. Pour les voyageurs<\/h2>\n\n\n\n<p><br>- Vous cherchez des recommandations d'h\u00f4tels, de restaurants ou d'activit\u00e9s ? Parcourez nos derniers articles ou utilisez la barre de recherche.<br>- Vous avez besoin d'aide pour contacter une entreprise r\u00e9pertori\u00e9e ? Chaque liste comprend les coordonn\u00e9es de l'entreprise. S'il en manque, faites-le nous savoir et nous vous aiderons.<br>- Vous avez rencontr\u00e9 des informations incorrectes ou obsol\u00e8tes ? Veuillez le signaler \u00e0 l'adresse suivante : support@puntacanahotdeals.com<br><br><\/p>\n\n\n\n<h2 class=\"wp-block-heading\">2. Pour les chefs d'entreprise<\/h2>\n\n\n\n<p><br>- Vous souhaitez inscrire votre entreprise gratuitement ? Visitez notre page \"Ajouter votre entreprise\" et remplissez le formulaire.<br>- Vous souhaitez promouvoir votre inscription ? Nous proposons des options d'am\u00e9lioration de la visibilit\u00e9. Contactez-nous \u00e0 l'adresse suivante : partners@puntacanahotdeals.com<br>- Vous souhaitez mettre \u00e0 jour ou supprimer votre inscription ? Envoyez-nous un courriel avec le nom de votre entreprise et les changements requis.<br><br><\/p>\n\n\n\n<h2 class=\"wp-block-heading\">3. Questions techniques<\/h2>\n\n\n\n<p><br>- Si le site ne s'affiche pas correctement ou si vous avez des difficult\u00e9s \u00e0 acc\u00e9der \u00e0 certaines fonctionnalit\u00e9s, essayez de vider le cache de votre navigateur ou de changer d'appareil.<br>- Vous avez encore des probl\u00e8mes ? Contact : tech@puntacanahotdeals.com<br><br><\/p>\n\n\n\n<h2 class=\"wp-block-heading\">4. Temps de r\u00e9ponse<\/h2>\n\n\n\n<p><br>Nous r\u00e9pondons g\u00e9n\u00e9ralement aux courriels dans les 24 \u00e0 48 heures ouvrables. Si votre question est urgente, veuillez indiquer \"URGENT\" dans l'objet du message.<br><br><\/p>\n\n\n\n<h2 class=\"wp-block-heading\">5. Canaux de contact<\/h2>\n\n\n\n<p><br>- Renseignements g\u00e9n\u00e9raux : support@puntacanahotdeals.com<br>- Partenariats commerciaux : partners@puntacanahotdeals.com<br>- Support technique : tech@puntacanahotdeals.com<br><br><\/p>\n\n\n\n<p>Nous sommes l\u00e0 pour rendre votre exp\u00e9rience \u00e0 Punta Cana agr\u00e9able et fluide. Merci de faire partie de notre communaut\u00e9 !<\/p>","protected":false},"excerpt":{"rendered":"<p>Help &amp; Support \u2013 PuntaCanaHotDeals.com Last Updated: May 17, 2025 At PuntaCanaHotDeals.com, we\u2019re here to help you make the most of your experience \u2013 whether you&#8217;re a traveler, a business owner, or just exploring opportunities in Punta Cana. Below you&#8217;ll find answers to common questions and ways to get support: 1. For Travelers &#8211; Looking [&hellip;]<\/p>\n","protected":false},"author":1,"featured_media":0,"parent":0,"menu_order":0,"comment_status":"closed","ping_status":"closed","template":"","meta":{"_acf_changed":false,"footnotes":""},"class_list":["post-514","page","type-page","status-publish","hentry"],"acf":[],"aioseo_notices":[],"_links":{"self":[{"href":"https:\/\/puntacanahotdeals.com\/fr\/wp-json\/wp\/v2\/pages\/514","targetHints":{"allow":["GET"]}}],"collection":[{"href":"https:\/\/puntacanahotdeals.com\/fr\/wp-json\/wp\/v2\/pages"}],"about":[{"href":"https:\/\/puntacanahotdeals.com\/fr\/wp-json\/wp\/v2\/types\/page"}],"author":[{"embeddable":true,"href":"https:\/\/puntacanahotdeals.com\/fr\/wp-json\/wp\/v2\/users\/1"}],"replies":[{"embeddable":true,"href":"https:\/\/puntacanahotdeals.com\/fr\/wp-json\/wp\/v2\/comments?post=514"}],"version-history":[{"count":1,"href":"https:\/\/puntacanahotdeals.com\/fr\/wp-json\/wp\/v2\/pages\/514\/revisions"}],"predecessor-version":[{"id":2056,"href":"https:\/\/puntacanahotdeals.com\/fr\/wp-json\/wp\/v2\/pages\/514\/revisions\/2056"}],"wp:attachment":[{"href":"https:\/\/puntacanahotdeals.com\/fr\/wp-json\/wp\/v2\/media?parent=514"}],"curies":[{"name":"wp","href":"https:\/\/api.w.org\/{rel}","templated":true}]}}