{"id":520,"date":"2025-05-19T19:01:46","date_gmt":"2025-05-19T19:01:46","guid":{"rendered":"https:\/\/puntacanahotdeals.com\/?page_id=520"},"modified":"2025-06-09T18:08:42","modified_gmt":"2025-06-09T18:08:42","slug":"a-propos-de-nous","status":"publish","type":"page","link":"https:\/\/puntacanahotdeals.com\/fr\/about-us\/","title":{"rendered":"A propos de nous"},"content":{"rendered":"<div data-elementor-type=\"wp-page\" data-elementor-id=\"520\" class=\"elementor elementor-520\">\n\t\t\t\t<div class=\"elementor-element elementor-element-e30e13b e-flex e-con-boxed e-con e-parent\" data-id=\"e30e13b\" data-element_type=\"container\" data-e-type=\"container\">\n\t\t\t\t\t<div class=\"e-con-inner\">\n\t\t<div class=\"elementor-element elementor-element-2eb78c2 e-con-full e-flex e-con e-child\" data-id=\"2eb78c2\" data-element_type=\"container\" data-e-type=\"container\">\n\t\t\t\t<div class=\"elementor-element elementor-element-cdd8d67 elementor-widget elementor-widget-heading\" data-id=\"cdd8d67\" data-element_type=\"widget\" data-e-type=\"widget\" data-widget_type=\"heading.default\">\n\t\t\t\t<div class=\"elementor-widget-container\">\n\t\t\t\t\t<h3 class=\"elementor-heading-title elementor-size-default\">A propos de nous<\/h3>\t\t\t\t<\/div>\n\t\t\t\t<\/div>\n\t\t\t\t<div class=\"elementor-element elementor-element-d235646 elementor-widget elementor-widget-text-editor\" data-id=\"d235646\" data-element_type=\"widget\" data-e-type=\"widget\" data-widget_type=\"text-editor.default\">\n\t\t\t\t<div class=\"elementor-widget-container\">\n\t\t\t\t\t\t\t\t\t<p>Bienvenue \u00e0 PuntaCanaHotDeals.com - votre guide d'initi\u00e9 pour les meilleures exp\u00e9riences, offres et opportunit\u00e9s \u00e0 Punta Cana.<br \/><br \/>Nous avons cr\u00e9\u00e9 cette plateforme avec une mission claire : permettre aux voyageurs et aux futurs investisseurs de d\u00e9couvrir facilement la v\u00e9ritable Punta Cana - au-del\u00e0 des brochures en papier glac\u00e9. Des restaurants cach\u00e9s aux aventures locales, en passant par les centres de vill\u00e9giature tout compris et les joyaux de l'immobilier, notre objectif est de tout r\u00e9unir sous un m\u00eame toit.<br \/><br \/>Contrairement aux sites de r\u00e9servation traditionnels, nous ne faisons pas payer les entreprises pour qu'elles apparaissent sur notre plateforme. Tous les h\u00f4tels, circuits et restaurants peuvent \u00eatre r\u00e9pertori\u00e9s gratuitement. En revanche, nous proposons des options de visibilit\u00e9 premium pour ceux qui souhaitent se d\u00e9marquer.<br \/><br \/>Notre vision \u00e0 long terme est de construire le centre en ligne le plus complet pour Punta Cana, attirant l'attention internationale non seulement des touristes, mais aussi des marques mondiales et des investisseurs. Nous voulons que ce site soit l'endroit o\u00f9 vous planifiez votre voyage, tombez amoureux de la destination, et peut-\u00eatre m\u00eame trouvez votre future maison.<br \/><br \/>Que vous soyez une entreprise locale, un habitu\u00e9 ou un nouveau visiteur, nous vous invitons \u00e0 faire partie de cette communaut\u00e9 en plein essor.<br \/><br \/>Bienvenue \u00e0 Punta Cana Hot Deals - d\u00e9couvrez plus que de simples vacances.<\/p>\t\t\t\t\t\t\t\t<\/div>\n\t\t\t\t<\/div>\n\t\t\t\t<div class=\"elementor-element elementor-element-589f448 elementor-mobile-align-center elementor-align-center elementor-invisible elementor-widget elementor-widget-button\" data-id=\"589f448\" data-element_type=\"widget\" data-e-type=\"widget\" data-settings=\"{&quot;_animation&quot;:&quot;fadeInDown&quot;}\" data-widget_type=\"button.default\">\n\t\t\t\t<div class=\"elementor-widget-container\">\n\t\t\t\t\t\t\t\t\t<div class=\"elementor-button-wrapper\">\n\t\t\t\t\t<a class=\"elementor-button elementor-button-link elementor-size-sm\" href=\"https:\/\/puntacanahotdeals.com\/fr\/contact\/\">\n\t\t\t\t\t\t<span class=\"elementor-button-content-wrapper\">\n\t\t\t\t\t\t\t\t\t<span class=\"elementor-button-text\">Contact<\/span>\n\t\t\t\t\t<\/span>\n\t\t\t\t\t<\/a>\n\t\t\t\t<\/div>\n\t\t\t\t\t\t\t\t<\/div>\n\t\t\t\t<\/div>\n\t\t\t\t<\/div>\n\t\t\t\t\t<\/div>\n\t\t\t\t<\/div>\n\t\t\t\t<\/div>","protected":false},"excerpt":{"rendered":"<p>About Us Welcome to PuntaCanaHotDeals.com \u2013 your insider guide to the best experiences, deals, and opportunities in Punta Cana. We created this platform with one clear mission: to make it easy for travelers and future investors to discover the real Punta Cana \u2013 beyond the glossy brochures. From hidden restaurants and local adventures to all-inclusive [&hellip;]<\/p>\n","protected":false},"author":1,"featured_media":0,"parent":0,"menu_order":0,"comment_status":"closed","ping_status":"closed","template":"","meta":{"_acf_changed":false,"footnotes":""},"class_list":["post-520","page","type-page","status-publish","hentry"],"acf":[],"aioseo_notices":[],"_links":{"self":[{"href":"https:\/\/puntacanahotdeals.com\/fr\/wp-json\/wp\/v2\/pages\/520","targetHints":{"allow":["GET"]}}],"collection":[{"href":"https:\/\/puntacanahotdeals.com\/fr\/wp-json\/wp\/v2\/pages"}],"about":[{"href":"https:\/\/puntacanahotdeals.com\/fr\/wp-json\/wp\/v2\/types\/page"}],"author":[{"embeddable":true,"href":"https:\/\/puntacanahotdeals.com\/fr\/wp-json\/wp\/v2\/users\/1"}],"replies":[{"embeddable":true,"href":"https:\/\/puntacanahotdeals.com\/fr\/wp-json\/wp\/v2\/comments?post=520"}],"version-history":[{"count":1,"href":"https:\/\/puntacanahotdeals.com\/fr\/wp-json\/wp\/v2\/pages\/520\/revisions"}],"predecessor-version":[{"id":2028,"href":"https:\/\/puntacanahotdeals.com\/fr\/wp-json\/wp\/v2\/pages\/520\/revisions\/2028"}],"wp:attachment":[{"href":"https:\/\/puntacanahotdeals.com\/fr\/wp-json\/wp\/v2\/media?parent=520"}],"curies":[{"name":"wp","href":"https:\/\/api.w.org\/{rel}","templated":true}]}}