{"id":137,"date":"2017-08-29T21:56:39","date_gmt":"2017-08-29T21:56:39","guid":{"rendered":"http:\/\/localhost\/themes\/wordpress\/listeo\/?post_type=product&#038;p=461"},"modified":"2025-06-01T18:07:40","modified_gmt":"2025-06-01T18:07:40","slug":"extended","status":"publish","type":"product","link":"https:\/\/puntacanahotdeals.com\/fr\/product\/extended\/","title":{"rendered":"Prolong\u00e9"},"content":{"rendered":"<p><strong>Le plan \u00e9tendu comprend : Nombre d'entreprises, Logo, Direction et t\u00e9l\u00e9phone, 2 photos, Horaires et r\u00e9seaux sociaux.<\/strong><\/p>","protected":false},"excerpt":{"rendered":"<p>Prix mensuel<\/p>","protected":false},"featured_media":0,"comment_status":"open","ping_status":"closed","template":"","meta":{"_acf_changed":false},"product_brand":[],"product_cat":[15],"product_tag":[],"class_list":{"0":"post-137","1":"product","2":"type-product","3":"status-publish","5":"product_cat-uncategorized","7":"first","8":"instock","9":"featured","10":"virtual","11":"sold-individually","12":"purchasable","13":"product-type-listing_package"},"acf":[],"aioseo_notices":[],"_links":{"self":[{"href":"https:\/\/puntacanahotdeals.com\/fr\/wp-json\/wp\/v2\/product\/137","targetHints":{"allow":["GET"]}}],"collection":[{"href":"https:\/\/puntacanahotdeals.com\/fr\/wp-json\/wp\/v2\/product"}],"about":[{"href":"https:\/\/puntacanahotdeals.com\/fr\/wp-json\/wp\/v2\/types\/product"}],"replies":[{"embeddable":true,"href":"https:\/\/puntacanahotdeals.com\/fr\/wp-json\/wp\/v2\/comments?post=137"}],"wp:attachment":[{"href":"https:\/\/puntacanahotdeals.com\/fr\/wp-json\/wp\/v2\/media?parent=137"}],"wp:term":[{"taxonomy":"product_brand","embeddable":true,"href":"https:\/\/puntacanahotdeals.com\/fr\/wp-json\/wp\/v2\/product_brand?post=137"},{"taxonomy":"product_cat","embeddable":true,"href":"https:\/\/puntacanahotdeals.com\/fr\/wp-json\/wp\/v2\/product_cat?post=137"},{"taxonomy":"product_tag","embeddable":true,"href":"https:\/\/puntacanahotdeals.com\/fr\/wp-json\/wp\/v2\/product_tag?post=137"}],"curies":[{"name":"wp","href":"https:\/\/api.w.org\/{rel}","templated":true}]}}