{"id":510,"date":"2025-05-19T18:54:11","date_gmt":"2025-05-19T18:54:11","guid":{"rendered":"https:\/\/puntacanahotdeals.com\/?page_id=510"},"modified":"2025-06-09T19:00:33","modified_gmt":"2025-06-09T19:00:33","slug":"condizioni-di-servizio","status":"publish","type":"page","link":"https:\/\/puntacanahotdeals.com\/it\/terms-of-services\/","title":{"rendered":"Termini di servizio"},"content":{"rendered":"<h1 class=\"wp-block-heading\">Termini di servizio per PuntaCanaHotDeals.com<\/h1>\n\n\n\n<p>Ultimo aggiornamento: 17 maggio 2025<br><br><\/p>\n\n\n\n<h2 class=\"wp-block-heading\">1. Accettazione dei termini<\/h2>\n\n\n\n<p>Accedendo o utilizzando PuntaCanaHotDeals.com (\"noi\", \"nostro\" o \"il sito\"), l'utente accetta di rispettare ed essere vincolato dai presenti Termini di servizio. Se non si accettano questi termini, si prega di non utilizzare il sito.<br><br><\/p>\n\n\n\n<h2 class=\"wp-block-heading\">2. Utilizzo del Sito<\/h2>\n\n\n\n<p>L'utente accetta di utilizzare il sito solo per scopi leciti e in modo da non violare i diritti, limitare o inibire l'uso e il godimento del sito da parte di altri.<br><br><\/p>\n\n\n\n<h2 class=\"wp-block-heading\">3. Elenchi e responsabilit\u00e0 di terzi<\/h2>\n\n\n\n<p>PuntaCanaHotDeals.com \u00e8 una piattaforma digitale che consente a imprese terze di inserire i propri servizi, offerte e opportunit\u00e0 di investimento a scopo informativo e promozionale.<br><br>Non possediamo, n\u00e9 gestiamo, nessuna delle aziende, degli hotel, dei ristoranti, dei tour o delle agenzie immobiliari elencati in questo sito.<br><br>Utilizzando questo sito web, l'utente riconosce e accetta che:<br>- Ogni azienda \u00e8 l'unica responsabile dell'accuratezza, della legalit\u00e0 e dell'affidabilit\u00e0 delle informazioni fornite.<br>- PuntaCanaHotDeals.com non garantisce la qualit\u00e0, la disponibilit\u00e0 o la sicurezza di alcun prodotto o servizio pubblicizzato.<br>- Non siamo parte di alcuna transazione o accordo tra gli utenti e le aziende elencate.<br>- Eventuali reclami, richieste di risarcimento o controversie devono essere affrontati direttamente con l'azienda interessata.<br><br>Utilizzate questo sito a vostro rischio e pericolo. Non ci assumiamo alcuna responsabilit\u00e0 per eventuali danni, perdite o controversie derivanti dall'uso di qualsiasi servizio elencato sulla nostra piattaforma.<br><br><\/p>\n\n\n\n<h2 class=\"wp-block-heading\">4. Propriet\u00e0 intellettuale<\/h2>\n\n\n\n<p>Tutti i contenuti di PuntaCanaHotDeals.com, compresi testi, grafici, loghi e immagini, sono di propriet\u00e0 di PuntaCanaHotDeals.com o dei suoi fornitori di contenuti e sono protetti dalle leggi sul copyright e sulla propriet\u00e0 intellettuale.<br><br><\/p>\n\n\n\n<h2 class=\"wp-block-heading\">5. Limitazione di responsabilit\u00e0<\/h2>\n\n\n\n<p>Nella misura massima consentita dalla legge, PuntaCanaHotDeals.com non sar\u00e0 responsabile di alcun danno derivante o correlato all'uso del sito o di qualsiasi servizio o contenuto accessibile attraverso di esso.<br><br><\/p>\n\n\n\n<h2 class=\"wp-block-heading\">6. Modifiche ai termini<\/h2>\n\n\n\n<p>Ci riserviamo il diritto di modificare i presenti Termini di servizio in qualsiasi momento. Eventuali modifiche saranno pubblicate su questa pagina con la data di \"Ultimo aggiornamento\". L'uso continuato del sito dopo le modifiche costituisce l'accettazione dei nuovi termini.<br><br><\/p>\n\n\n\n<h2 class=\"wp-block-heading\">7. Legge applicabile<\/h2>\n\n\n\n<p>I presenti termini sono disciplinati e interpretati in conformit\u00e0 alle leggi degli Stati Uniti. Qualsiasi controversia derivante da o in relazione ai presenti termini sar\u00e0 soggetta alla giurisdizione esclusiva dei tribunali degli Stati Uniti.<br><br><\/p>\n\n\n\n<h2 class=\"wp-block-heading\">8. Informazioni di contatto<\/h2>\n\n\n\n<p>In caso di domande sui presenti Termini di servizio, si prega di contattarci all'indirizzo:<br>Email: legal@puntacanahotdeals.com<br>Sito web: www.puntacanahotdeals.com<br><br><\/p>","protected":false},"excerpt":{"rendered":"<p>Terms of Service for PuntaCanaHotDeals.com Last Updated: May 17, 2025 1. Acceptance of Terms By accessing or using PuntaCanaHotDeals.com (\u201cwe\u201d, \u201cour\u201d, or \u201cthe site\u201d), you agree to comply with and be bound by these Terms of Service. If you do not agree with these terms, please do not use the site. 2. Use of the [&hellip;]<\/p>\n","protected":false},"author":1,"featured_media":0,"parent":0,"menu_order":0,"comment_status":"closed","ping_status":"closed","template":"","meta":{"_acf_changed":false,"footnotes":""},"class_list":["post-510","page","type-page","status-publish","hentry"],"acf":[],"aioseo_notices":[],"_links":{"self":[{"href":"https:\/\/puntacanahotdeals.com\/it\/wp-json\/wp\/v2\/pages\/510","targetHints":{"allow":["GET"]}}],"collection":[{"href":"https:\/\/puntacanahotdeals.com\/it\/wp-json\/wp\/v2\/pages"}],"about":[{"href":"https:\/\/puntacanahotdeals.com\/it\/wp-json\/wp\/v2\/types\/page"}],"author":[{"embeddable":true,"href":"https:\/\/puntacanahotdeals.com\/it\/wp-json\/wp\/v2\/users\/1"}],"replies":[{"embeddable":true,"href":"https:\/\/puntacanahotdeals.com\/it\/wp-json\/wp\/v2\/comments?post=510"}],"version-history":[{"count":1,"href":"https:\/\/puntacanahotdeals.com\/it\/wp-json\/wp\/v2\/pages\/510\/revisions"}],"predecessor-version":[{"id":2096,"href":"https:\/\/puntacanahotdeals.com\/it\/wp-json\/wp\/v2\/pages\/510\/revisions\/2096"}],"wp:attachment":[{"href":"https:\/\/puntacanahotdeals.com\/it\/wp-json\/wp\/v2\/media?parent=510"}],"curies":[{"name":"wp","href":"https:\/\/api.w.org\/{rel}","templated":true}]}}