{"id":516,"date":"2025-05-19T18:58:02","date_gmt":"2025-05-19T18:58:02","guid":{"rendered":"https:\/\/puntacanahotdeals.com\/?page_id=516"},"modified":"2025-06-09T18:44:11","modified_gmt":"2025-06-09T18:44:11","slug":"disclaimer","status":"publish","type":"page","link":"https:\/\/puntacanahotdeals.com\/it\/disclaimer\/","title":{"rendered":"Esclusione di responsabilit\u00e0"},"content":{"rendered":"<h1 class=\"wp-block-heading\">Disclaimer \u2013 Third-Party Listings and Responsibility<\/h1>\n\n\n\n<p>Ultimo aggiornamento: 17 maggio 2025<\/p>\n\n\n\n<p>PuntaCanaHotDeals.com \u00e8 una piattaforma digitale che consente a imprese terze di inserire i propri servizi, offerte e opportunit\u00e0 di investimento a scopo informativo e promozionale.<br><br>Non possediamo, n\u00e9 gestiamo, nessuna delle aziende, degli hotel, dei ristoranti, dei tour o delle agenzie immobiliari elencati in questo sito.<br><br>Utilizzando questo sito web, l'utente riconosce e accetta che:<br>- Ogni azienda \u00e8 l'unica responsabile dell'accuratezza, della legalit\u00e0 e dell'affidabilit\u00e0 delle informazioni fornite.<br>- PuntaCanaHotDeals.com non garantisce la qualit\u00e0, la disponibilit\u00e0 o la sicurezza di alcun prodotto o servizio pubblicizzato.<br>- Non siamo parte di alcuna transazione o accordo tra gli utenti e le aziende elencate.<br>- Eventuali reclami, richieste di risarcimento o controversie devono essere affrontati direttamente con l'azienda interessata.<br><br>We encourage users to verify all information, read reviews, and contact the businesses directly before making any purchase or commitment.<br><br>Utilizzate questo sito a vostro rischio e pericolo. Non ci assumiamo alcuna responsabilit\u00e0 per eventuali danni, perdite o controversie derivanti dall'uso di qualsiasi servizio elencato sulla nostra piattaforma.<br><br><\/p>","protected":false},"excerpt":{"rendered":"<p>Disclaimer \u2013 Third-Party Listings and Responsibility Last Updated: May 17, 2025 PuntaCanaHotDeals.com is a digital platform that allows third-party businesses to list their services, offers, and investment opportunities for informational and promotional purposes. We do not own, operate, or manage any of the businesses, hotels, restaurants, tours, or real estate agencies listed on this site. [&hellip;]<\/p>\n","protected":false},"author":1,"featured_media":0,"parent":0,"menu_order":0,"comment_status":"closed","ping_status":"closed","template":"","meta":{"_acf_changed":false,"footnotes":""},"class_list":["post-516","page","type-page","status-publish","hentry"],"acf":[],"aioseo_notices":[],"_links":{"self":[{"href":"https:\/\/puntacanahotdeals.com\/it\/wp-json\/wp\/v2\/pages\/516","targetHints":{"allow":["GET"]}}],"collection":[{"href":"https:\/\/puntacanahotdeals.com\/it\/wp-json\/wp\/v2\/pages"}],"about":[{"href":"https:\/\/puntacanahotdeals.com\/it\/wp-json\/wp\/v2\/types\/page"}],"author":[{"embeddable":true,"href":"https:\/\/puntacanahotdeals.com\/it\/wp-json\/wp\/v2\/users\/1"}],"replies":[{"embeddable":true,"href":"https:\/\/puntacanahotdeals.com\/it\/wp-json\/wp\/v2\/comments?post=516"}],"version-history":[{"count":1,"href":"https:\/\/puntacanahotdeals.com\/it\/wp-json\/wp\/v2\/pages\/516\/revisions"}],"predecessor-version":[{"id":2046,"href":"https:\/\/puntacanahotdeals.com\/it\/wp-json\/wp\/v2\/pages\/516\/revisions\/2046"}],"wp:attachment":[{"href":"https:\/\/puntacanahotdeals.com\/it\/wp-json\/wp\/v2\/media?parent=516"}],"curies":[{"name":"wp","href":"https:\/\/api.w.org\/{rel}","templated":true}]}}