{"id":518,"date":"2025-05-19T18:59:59","date_gmt":"2025-05-19T18:59:59","guid":{"rendered":"https:\/\/puntacanahotdeals.com\/?page_id=518"},"modified":"2025-06-09T18:33:13","modified_gmt":"2025-06-09T18:33:13","slug":"dichiarazione-di-accessibilita","status":"publish","type":"page","link":"https:\/\/puntacanahotdeals.com\/it\/accessibility-statement\/","title":{"rendered":"Dichiarazione di accessibilit\u00e0"},"content":{"rendered":"<h1 class=\"wp-block-heading\">Dichiarazione di accessibilit\u00e0 - PuntaCanaHotDeals.com<\/h1>\n\n\n\n<p>Ultimo aggiornamento: 17 maggio 2025<br><br><\/p>\n\n\n\n<p>PuntaCanaHotDeals.com si impegna a rendere il proprio sito web accessibile a tutti gli utenti, compresi gli individui con disabilit\u00e0. Ci sforziamo di soddisfare o superare i requisiti delle Linee guida per l'accessibilit\u00e0 dei contenuti web (WCAG) 2.1 Livello AA, laddove possibile.<br><br>Crediamo che tutti debbano avere uguale accesso alle informazioni e ai servizi, indipendentemente dalle capacit\u00e0. Il nostro obiettivo \u00e8 fornire un'esperienza di facile utilizzo che si adatti a un'ampia gamma di tecnologie e strumenti di assistenza.<br><br><\/p>\n\n\n\n<h2 class=\"wp-block-heading\">Sforzi di accessibilit\u00e0 in corso<\/h2>\n\n\n\n<p>Lavoriamo costantemente per migliorare l'accessibilit\u00e0 dei nostri contenuti e delle nostre funzionalit\u00e0. Ci\u00f2 include test regolari, feedback degli utenti e, se necessario, la collaborazione con consulenti in materia di accessibilit\u00e0.<br><br><\/p>\n\n\n\n<h2 class=\"wp-block-heading\">Limitazioni note<\/h2>\n\n\n\n<p>Sebbene il nostro obiettivo sia la piena accessibilit\u00e0, alcuni contenuti, plug-in o link esterni di terze parti potrebbero non essere completamente conformi. Non controlliamo l'accessibilit\u00e0 di questi elementi, ma incoraggiamo i fornitori a seguire le migliori pratiche.<br><br><\/p>\n\n\n\n<h2 class=\"wp-block-heading\">Feedback e supporto<\/h2>\n\n\n\n<p>Se riscontrate difficolt\u00e0 nell'accesso ai contenuti o nell'utilizzo di qualsiasi parte del sito, fatecelo sapere. Prendiamo sul serio i vostri commenti e ci impegneremo a risolvere tempestivamente qualsiasi problema.<br><br>Contattateci a:<br>Email: support@puntacanahotdeals.com<br><br><\/p>\n\n\n\n<p>Apprezziamo il vostro sostegno mentre continuiamo a lavorare per garantire un'esperienza inclusiva e accessibile a tutti i visitatori di PuntaCanaHotDeals.com.<br><br><\/p>","protected":false},"excerpt":{"rendered":"<p>Accessibility Statement \u2013 PuntaCanaHotDeals.com Last Updated: May 17, 2025 PuntaCanaHotDeals.com is committed to making our website accessible to all users, including individuals with disabilities. We strive to meet or exceed the requirements of the Web Content Accessibility Guidelines (WCAG) 2.1 Level AA wherever possible. We believe that everyone should have equal access to information and [&hellip;]<\/p>\n","protected":false},"author":1,"featured_media":0,"parent":0,"menu_order":0,"comment_status":"closed","ping_status":"closed","template":"","meta":{"_acf_changed":false,"footnotes":""},"class_list":["post-518","page","type-page","status-publish","hentry"],"acf":[],"aioseo_notices":[],"_links":{"self":[{"href":"https:\/\/puntacanahotdeals.com\/it\/wp-json\/wp\/v2\/pages\/518","targetHints":{"allow":["GET"]}}],"collection":[{"href":"https:\/\/puntacanahotdeals.com\/it\/wp-json\/wp\/v2\/pages"}],"about":[{"href":"https:\/\/puntacanahotdeals.com\/it\/wp-json\/wp\/v2\/types\/page"}],"author":[{"embeddable":true,"href":"https:\/\/puntacanahotdeals.com\/it\/wp-json\/wp\/v2\/users\/1"}],"replies":[{"embeddable":true,"href":"https:\/\/puntacanahotdeals.com\/it\/wp-json\/wp\/v2\/comments?post=518"}],"version-history":[{"count":2,"href":"https:\/\/puntacanahotdeals.com\/it\/wp-json\/wp\/v2\/pages\/518\/revisions"}],"predecessor-version":[{"id":4111,"href":"https:\/\/puntacanahotdeals.com\/it\/wp-json\/wp\/v2\/pages\/518\/revisions\/4111"}],"wp:attachment":[{"href":"https:\/\/puntacanahotdeals.com\/it\/wp-json\/wp\/v2\/media?parent=518"}],"curies":[{"name":"wp","href":"https:\/\/api.w.org\/{rel}","templated":true}]}}