{"id":514,"date":"2025-05-19T18:56:58","date_gmt":"2025-05-19T18:56:58","guid":{"rendered":"https:\/\/puntacanahotdeals.com\/?page_id=514"},"modified":"2025-06-10T12:50:40","modified_gmt":"2025-06-10T12:50:40","slug":"suporte-de-ajuda","status":"publish","type":"page","link":"https:\/\/puntacanahotdeals.com\/pt\/help-support\/","title":{"rendered":"Ajuda e suporte"},"content":{"rendered":"<h1 class=\"wp-block-heading\">Ajuda e Suporte - PuntaCanaHotDeals.com<\/h1>\n\n\n\n<p>\u00daltima atualiza\u00e7\u00e3o: 17 de maio de 2025<br><br><\/p>\n\n\n\n<p>No PuntaCanaHotDeals.com, estamos aqui para ajud\u00e1-lo a aproveitar ao m\u00e1ximo sua experi\u00eancia - seja voc\u00ea um viajante, um empres\u00e1rio ou apenas explorando oportunidades em Punta Cana.<br><br>Abaixo, voc\u00ea encontrar\u00e1 respostas para perguntas comuns e maneiras de obter suporte:<br><br><br><\/p>\n\n\n\n<h2 class=\"wp-block-heading\">1. Para viajantes<\/h2>\n\n\n\n<p><br>- Procurando recomenda\u00e7\u00f5es de hot\u00e9is, restaurantes ou atividades? Navegue por nossos artigos mais recentes ou use a barra de pesquisa.<br>- Precisa de ajuda para entrar em contato com uma empresa listada? Cada listagem inclui suas informa\u00e7\u00f5es de contato. Se estiverem faltando, informe-nos e n\u00f3s ajudaremos.<br>- Encontrou informa\u00e7\u00f5es incorretas ou desatualizadas? Por favor, informe o fato para: support@puntacanahotdeals.com<br><br><\/p>\n\n\n\n<h2 class=\"wp-block-heading\">2. Para propriet\u00e1rios de empresas<\/h2>\n\n\n\n<p><br>- Deseja listar sua empresa gratuitamente? Visite nossa p\u00e1gina \"Add Your Business\" e preencha o formul\u00e1rio.<br>- Tem interesse em promover sua listagem? Oferecemos op\u00e7\u00f5es de upgrade de visibilidade. Entre em contato conosco pelo e-mail: partners@puntacanahotdeals.com<br>- Precisa atualizar ou remover sua listagem? Envie-nos um e-mail com o nome de sua empresa e as altera\u00e7\u00f5es necess\u00e1rias.<br><br><\/p>\n\n\n\n<h2 class=\"wp-block-heading\">3. Quest\u00f5es t\u00e9cnicas<\/h2>\n\n\n\n<p><br>- Se o site n\u00e3o estiver sendo exibido corretamente ou se voc\u00ea estiver tendo problemas para acessar determinados recursos, tente limpar o cache do navegador ou trocar de dispositivo.<br>- Ainda est\u00e1 com problemas? Contato: tech@puntacanahotdeals.com<br><br><\/p>\n\n\n\n<h2 class=\"wp-block-heading\">4. Tempos de resposta<\/h2>\n\n\n\n<p><br>Normalmente, respondemos aos e-mails dentro de 24 a 48 horas \u00fateis. Se o seu assunto for urgente, escreva \"URGENTE\" na linha de assunto.<br><br><\/p>\n\n\n\n<h2 class=\"wp-block-heading\">5. Canais de contato<\/h2>\n\n\n\n<p><br>- D\u00favidas gerais: support@puntacanahotdeals.com<br>- Parcerias comerciais: partners@puntacanahotdeals.com<br>- Suporte t\u00e9cnico: tech@puntacanahotdeals.com<br><br><\/p>\n\n\n\n<p>Estamos aqui para tornar sua experi\u00eancia em Punta Cana tranquila e agrad\u00e1vel. Obrigado por fazer parte de nossa comunidade!<\/p>","protected":false},"excerpt":{"rendered":"<p>Help &amp; Support \u2013 PuntaCanaHotDeals.com Last Updated: May 17, 2025 At PuntaCanaHotDeals.com, we\u2019re here to help you make the most of your experience \u2013 whether you&#8217;re a traveler, a business owner, or just exploring opportunities in Punta Cana. Below you&#8217;ll find answers to common questions and ways to get support: 1. For Travelers &#8211; Looking [&hellip;]<\/p>\n","protected":false},"author":1,"featured_media":0,"parent":0,"menu_order":0,"comment_status":"closed","ping_status":"closed","template":"","meta":{"_acf_changed":false,"footnotes":""},"class_list":["post-514","page","type-page","status-publish","hentry"],"acf":[],"aioseo_notices":[],"_links":{"self":[{"href":"https:\/\/puntacanahotdeals.com\/pt\/wp-json\/wp\/v2\/pages\/514","targetHints":{"allow":["GET"]}}],"collection":[{"href":"https:\/\/puntacanahotdeals.com\/pt\/wp-json\/wp\/v2\/pages"}],"about":[{"href":"https:\/\/puntacanahotdeals.com\/pt\/wp-json\/wp\/v2\/types\/page"}],"author":[{"embeddable":true,"href":"https:\/\/puntacanahotdeals.com\/pt\/wp-json\/wp\/v2\/users\/1"}],"replies":[{"embeddable":true,"href":"https:\/\/puntacanahotdeals.com\/pt\/wp-json\/wp\/v2\/comments?post=514"}],"version-history":[{"count":1,"href":"https:\/\/puntacanahotdeals.com\/pt\/wp-json\/wp\/v2\/pages\/514\/revisions"}],"predecessor-version":[{"id":2056,"href":"https:\/\/puntacanahotdeals.com\/pt\/wp-json\/wp\/v2\/pages\/514\/revisions\/2056"}],"wp:attachment":[{"href":"https:\/\/puntacanahotdeals.com\/pt\/wp-json\/wp\/v2\/media?parent=514"}],"curies":[{"name":"wp","href":"https:\/\/api.w.org\/{rel}","templated":true}]}}