{"id":518,"date":"2025-05-19T18:59:59","date_gmt":"2025-05-19T18:59:59","guid":{"rendered":"https:\/\/puntacanahotdeals.com\/?page_id=518"},"modified":"2025-06-09T18:33:13","modified_gmt":"2025-06-09T18:33:13","slug":"declaracao-de-acessibilidade","status":"publish","type":"page","link":"https:\/\/puntacanahotdeals.com\/pt\/accessibility-statement\/","title":{"rendered":"Declara\u00e7\u00e3o de acessibilidade"},"content":{"rendered":"<h1 class=\"wp-block-heading\">Declara\u00e7\u00e3o de Acessibilidade - PuntaCanaHotDeals.com<\/h1>\n\n\n\n<p>\u00daltima atualiza\u00e7\u00e3o: 17 de maio de 2025<br><br><\/p>\n\n\n\n<p>O PuntaCanaHotDeals.com tem o compromisso de tornar o nosso site acess\u00edvel a todos os usu\u00e1rios, incluindo pessoas com defici\u00eancia. N\u00f3s nos esfor\u00e7amos para atender ou exceder os requisitos das Diretrizes de Acessibilidade de Conte\u00fado da Web (WCAG) 2.1 N\u00edvel AA sempre que poss\u00edvel.<br><br>Acreditamos que todos devem ter acesso igualit\u00e1rio a informa\u00e7\u00f5es e servi\u00e7os, independentemente de sua capacidade. Nosso objetivo \u00e9 oferecer uma experi\u00eancia f\u00e1cil de usar que acomode uma ampla gama de tecnologias e ferramentas de assist\u00eancia.<br><br><\/p>\n\n\n\n<h2 class=\"wp-block-heading\">Esfor\u00e7os cont\u00ednuos de acessibilidade<\/h2>\n\n\n\n<p>Trabalhamos continuamente para melhorar a acessibilidade de nosso conte\u00fado e funcionalidade. Isso inclui testes regulares, feedback dos usu\u00e1rios e colabora\u00e7\u00e3o com consultores de acessibilidade, quando necess\u00e1rio.<br><br><\/p>\n\n\n\n<h2 class=\"wp-block-heading\">Limita\u00e7\u00f5es conhecidas<\/h2>\n\n\n\n<p>Embora nosso objetivo seja a acessibilidade total, alguns conte\u00fados de terceiros, plug-ins ou links externos podem n\u00e3o estar totalmente em conformidade. N\u00e3o controlamos a acessibilidade desses elementos, mas incentivamos os provedores a seguir as pr\u00e1ticas recomendadas.<br><br><\/p>\n\n\n\n<h2 class=\"wp-block-heading\">Feedback e suporte<\/h2>\n\n\n\n<p>Se tiver alguma dificuldade para acessar o conte\u00fado ou usar qualquer parte do site, informe-nos. Levamos seus coment\u00e1rios a s\u00e9rio e trabalharemos para resolver qualquer problema imediatamente.<br><br>Entre em contato conosco:<br>E-mail: support@puntacanahotdeals.com<br><br><\/p>\n\n\n\n<p>Agradecemos seu apoio enquanto continuamos trabalhando para garantir uma experi\u00eancia inclusiva e acess\u00edvel para todos os visitantes do PuntaCanaHotDeals.com.<br><br><\/p>","protected":false},"excerpt":{"rendered":"<p>Accessibility Statement \u2013 PuntaCanaHotDeals.com Last Updated: May 17, 2025 PuntaCanaHotDeals.com is committed to making our website accessible to all users, including individuals with disabilities. We strive to meet or exceed the requirements of the Web Content Accessibility Guidelines (WCAG) 2.1 Level AA wherever possible. We believe that everyone should have equal access to information and [&hellip;]<\/p>\n","protected":false},"author":1,"featured_media":0,"parent":0,"menu_order":0,"comment_status":"closed","ping_status":"closed","template":"","meta":{"_acf_changed":false,"footnotes":""},"class_list":["post-518","page","type-page","status-publish","hentry"],"acf":[],"aioseo_notices":[],"_links":{"self":[{"href":"https:\/\/puntacanahotdeals.com\/pt\/wp-json\/wp\/v2\/pages\/518","targetHints":{"allow":["GET"]}}],"collection":[{"href":"https:\/\/puntacanahotdeals.com\/pt\/wp-json\/wp\/v2\/pages"}],"about":[{"href":"https:\/\/puntacanahotdeals.com\/pt\/wp-json\/wp\/v2\/types\/page"}],"author":[{"embeddable":true,"href":"https:\/\/puntacanahotdeals.com\/pt\/wp-json\/wp\/v2\/users\/1"}],"replies":[{"embeddable":true,"href":"https:\/\/puntacanahotdeals.com\/pt\/wp-json\/wp\/v2\/comments?post=518"}],"version-history":[{"count":2,"href":"https:\/\/puntacanahotdeals.com\/pt\/wp-json\/wp\/v2\/pages\/518\/revisions"}],"predecessor-version":[{"id":4111,"href":"https:\/\/puntacanahotdeals.com\/pt\/wp-json\/wp\/v2\/pages\/518\/revisions\/4111"}],"wp:attachment":[{"href":"https:\/\/puntacanahotdeals.com\/pt\/wp-json\/wp\/v2\/media?parent=518"}],"curies":[{"name":"wp","href":"https:\/\/api.w.org\/{rel}","templated":true}]}}